{"id":11190,"date":"2022-04-20T16:26:29","date_gmt":"2022-04-20T13:26:29","guid":{"rendered":"https:\/\/www.fizyomed.com.tr\/move-8\/"},"modified":"2022-12-14T16:33:16","modified_gmt":"2022-12-14T13:33:16","slug":"move-8","status":"publish","type":"page","link":"https:\/\/www.fizyomed.com.tr\/en\/move-8\/","title":{"rendered":"MOVE 8"},"content":{"rendered":"<section class=\"l-section wpb_row height_custom\"><div class=\"l-section-h i-cf\"><div class=\"g-cols vc_row via_flex valign_top type_default stacking_default\"><div class=\"vc_col-sm-12 wpb_column vc_column_container\"><div class=\"vc_column-inner\"><div class=\"wpb_wrapper\"><div class=\"wpb_text_column\"><div class=\"wpb_wrapper\"><p><picture><source srcset=\"https:\/\/www.fizyomed.com.tr\/wp-content\/webp-express\/webp-images\/uploads\/2022\/04\/MEDICA-2021-BardoMed-Sp.-z.o.o.-Exhibitor-medcom2021.2679473-u9HmbS5GRlG0ARCQDiouaw.png.webp 719w, https:\/\/www.fizyomed.com.tr\/wp-content\/webp-express\/webp-images\/uploads\/2022\/04\/MEDICA-2021-BardoMed-Sp.-z.o.o.-Exhibitor-medcom2021.2679473-u9HmbS5GRlG0ARCQDiouaw-300x129.png.webp 300w\" sizes=\"(max-width: 510px) 100vw, 510px\" type=\"image\/webp\"><img decoding=\"async\" loading=\"lazy\" class=\" wp-image-10570 aligncenter webpexpress-processed\" src=\"https:\/\/www.fizyomed.com.tr\/wp-content\/uploads\/2022\/04\/MEDICA-2021-BardoMed-Sp.-z.o.o.-Exhibitor-medcom2021.2679473-u9HmbS5GRlG0ARCQDiouaw.png\" alt=\"\" width=\"510\" height=\"218\" srcset=\"https:\/\/www.fizyomed.com.tr\/wp-content\/uploads\/2022\/04\/MEDICA-2021-BardoMed-Sp.-z.o.o.-Exhibitor-medcom2021.2679473-u9HmbS5GRlG0ARCQDiouaw.png 719w, https:\/\/www.fizyomed.com.tr\/wp-content\/uploads\/2022\/04\/MEDICA-2021-BardoMed-Sp.-z.o.o.-Exhibitor-medcom2021.2679473-u9HmbS5GRlG0ARCQDiouaw-300x129.png 300w\" sizes=\"(max-width: 510px) 100vw, 510px\"><\/picture><\/p>\n<\/div><\/div><div class=\"wpb_text_column us_custom_6745946f has_text_color\"><div class=\"wpb_wrapper\"><p style=\"text-align: center;\"><strong>SPORT SERIES<\/strong><\/p>\n<\/div><\/div><h4 class=\"w-post-elm post_title align_center entry-title color_link_inherit\">MOVE 8<\/h4><div class=\"w-separator size_medium\"><\/div><div class=\"g-cols wpb_row via_flex valign_top type_default stacking_default\"><div class=\"vc_col-sm-2 wpb_column vc_column_container\"><div class=\"vc_column-inner\"><div class=\"wpb_wrapper\"><\/div><\/div><\/div><div class=\"vc_col-sm-8 wpb_column vc_column_container\"><div class=\"vc_column-inner\"><div class=\"wpb_wrapper\"><div class=\"w-image align_none\"><div class=\"w-image-h\"><picture><source srcset=\"https:\/\/www.fizyomed.com.tr\/wp-content\/webp-express\/webp-images\/uploads\/2022\/04\/3-5.png.webp 550w, https:\/\/www.fizyomed.com.tr\/wp-content\/webp-express\/webp-images\/uploads\/2022\/04\/3-5-300x300.png.webp 300w, https:\/\/www.fizyomed.com.tr\/wp-content\/webp-express\/webp-images\/uploads\/2022\/04\/3-5-150x150.png.webp 150w\" sizes=\"(max-width: 550px) 100vw, 550px\" type=\"image\/webp\"><img width=\"550\" height=\"550\" src=\"https:\/\/www.fizyomed.com.tr\/wp-content\/uploads\/2022\/04\/3-5.png\" class=\"attachment-large size-large webpexpress-processed\" alt=\"\" decoding=\"async\" loading=\"lazy\" srcset=\"https:\/\/www.fizyomed.com.tr\/wp-content\/uploads\/2022\/04\/3-5.png 550w, https:\/\/www.fizyomed.com.tr\/wp-content\/uploads\/2022\/04\/3-5-300x300.png 300w, https:\/\/www.fizyomed.com.tr\/wp-content\/uploads\/2022\/04\/3-5-150x150.png 150w\" sizes=\"(max-width: 550px) 100vw, 550px\"><\/picture><\/div><\/div><\/div><\/div><\/div><div class=\"vc_col-sm-2 wpb_column vc_column_container\"><div class=\"vc_column-inner\"><div class=\"wpb_wrapper\"><\/div><\/div><\/div><\/div><div class=\"g-cols wpb_row via_flex valign_top type_default stacking_default\"><div class=\"vc_col-sm-1\/5 wpb_column vc_column_container\"><div class=\"vc_column-inner\"><div class=\"wpb_wrapper\"><\/div><\/div><\/div><div class=\"vc_col-sm-1\/5 wpb_column vc_column_container\"><div class=\"vc_column-inner\"><div class=\"wpb_wrapper\"><div class=\"w-image align_none\"><div class=\"w-image-h\"><picture><source srcset=\"https:\/\/www.fizyomed.com.tr\/wp-content\/webp-express\/webp-images\/uploads\/2022\/04\/2-4.png.webp 554w, https:\/\/www.fizyomed.com.tr\/wp-content\/webp-express\/webp-images\/uploads\/2022\/04\/2-4-300x300.png.webp 300w, https:\/\/www.fizyomed.com.tr\/wp-content\/webp-express\/webp-images\/uploads\/2022\/04\/2-4-150x150.png.webp 150w\" sizes=\"(max-width: 554px) 100vw, 554px\" type=\"image\/webp\"><img width=\"554\" height=\"554\" src=\"https:\/\/www.fizyomed.com.tr\/wp-content\/uploads\/2022\/04\/2-4.png\" class=\"attachment-large size-large webpexpress-processed\" alt=\"\" decoding=\"async\" loading=\"lazy\" srcset=\"https:\/\/www.fizyomed.com.tr\/wp-content\/uploads\/2022\/04\/2-4.png 554w, https:\/\/www.fizyomed.com.tr\/wp-content\/uploads\/2022\/04\/2-4-300x300.png 300w, https:\/\/www.fizyomed.com.tr\/wp-content\/uploads\/2022\/04\/2-4-150x150.png 150w\" sizes=\"(max-width: 554px) 100vw, 554px\"><\/picture><\/div><\/div><\/div><\/div><\/div><div class=\"vc_col-sm-1\/5 wpb_column vc_column_container\"><div class=\"vc_column-inner\"><div class=\"wpb_wrapper\"><div class=\"w-image align_none\"><div class=\"w-image-h\"><picture><source srcset=\"https:\/\/www.fizyomed.com.tr\/wp-content\/webp-express\/webp-images\/uploads\/2022\/04\/1-3.png.webp 560w, https:\/\/www.fizyomed.com.tr\/wp-content\/webp-express\/webp-images\/uploads\/2022\/04\/1-3-300x292.png.webp 300w\" sizes=\"(max-width: 560px) 100vw, 560px\" type=\"image\/webp\"><img width=\"560\" height=\"545\" src=\"https:\/\/www.fizyomed.com.tr\/wp-content\/uploads\/2022\/04\/1-3.png\" class=\"attachment-large size-large webpexpress-processed\" alt=\"\" decoding=\"async\" loading=\"lazy\" srcset=\"https:\/\/www.fizyomed.com.tr\/wp-content\/uploads\/2022\/04\/1-3.png 560w, https:\/\/www.fizyomed.com.tr\/wp-content\/uploads\/2022\/04\/1-3-300x292.png 300w\" sizes=\"(max-width: 560px) 100vw, 560px\"><\/picture><\/div><\/div><\/div><\/div><\/div><div class=\"vc_col-sm-1\/5 wpb_column vc_column_container\"><div class=\"vc_column-inner\"><div class=\"wpb_wrapper\"><\/div><\/div><\/div><div class=\"vc_col-sm-1\/5 wpb_column vc_column_container\"><div class=\"vc_column-inner\"><div class=\"wpb_wrapper\"><\/div><\/div><\/div><\/div><div class=\"w-separator size_medium\"><\/div><div class=\"w-tabs layout_hor style_modern switch_click has_scrolling\" style=\"--sections-title-size:18px\"><div class=\"w-tabs-list items_3 align_justify\" style=\"font-weight:700;line-height:22px;\"><div class=\"w-tabs-list-h\"><button class=\"w-tabs-item active defined-active\" aria-controls=\"content-1600363853090-763c7d4e-ff9d2828-52fecdf5-0136b0d3-bd1981ff-7a639485-cc9c\" aria-expanded=\"true\"><span class=\"w-tabs-item-title\">GENERAL FEATURES<\/span><\/button><button class=\"w-tabs-item\" aria-controls=\"content-ncaa\" aria-expanded=\"false\"><span class=\"w-tabs-item-title\">TREATMENT MODES<\/span><\/button><button class=\"w-tabs-item\" aria-controls=\"content-1600363883642-986798e8-f87c2828-52fecdf5-0136b0d3-bd1981ff-7a63\" aria-expanded=\"false\"><span class=\"w-tabs-item-title\">ACCESSORIES<\/span><\/button><\/div><\/div><div class=\"w-tabs-sections titles-align_none icon_chevron cpos_right\"><div class=\"w-tabs-section active\" id=\"1600363853090-763c7d4e-ff9d2828-52fecdf5-0136b0d3-bd1981ff-7a639485-cc9c\"><button class=\"w-tabs-section-header active\" aria-controls=\"content-1600363853090-763c7d4e-ff9d2828-52fecdf5-0136b0d3-bd1981ff-7a639485-cc9c\" aria-expanded=\"true\"><div class=\"w-tabs-section-title\">GENERAL FEATURES<\/div><div class=\"w-tabs-section-control\"><\/div><\/button><div  class=\"w-tabs-section-content\" id=\"content-1600363853090-763c7d4e-ff9d2828-52fecdf5-0136b0d3-bd1981ff-7a639485-cc9c\"><div class=\"w-tabs-section-content-h i-cf\"><div class=\"wpb_text_column\"><div class=\"wpb_wrapper\"><p>The CarePump Move8 is the most advanced lymphatic drainage device in the CarePump series. The device is compatible with 8-chamber cuffs and is extremely effective thanks to the treatment.<\/p>\n<p>The Move8 is a device for professional use in medicine, rehabilitation, physiotherapy and biological regeneration. Move8 is designed for mobile physiotherapists and those working with athletes.<\/p>\n<p>&nbsp;<\/p>\n<p>Modern, mobile device for lymphatic drainage<\/p>\n<p>Due to its small size and weight, as well as its battery power supply, this unit is perfect for treatment at home and while traveling.<\/p>\n<p>We&#8217;ve included a detailed list of pressotherapy indications and benefits on the lymphatic drainage page. This method is recommended for many diseases, including the circulatory and lymphatic system, for athletes to accelerate regeneration and prevent injuries, as well as for aesthetic reasons, for example, to reduce cellulite.<\/p>\n<p>&nbsp;<\/p>\n<p>&nbsp;<\/p>\n<p>&nbsp;<\/p>\n<p>8 chamber cuffs<br \/>\nOverlapping cuffs<br \/>\n5 treatment modes<br \/>\nAdjustable pressure (30-250 mmHg)<br \/>\nAdjusting the treatment time<br \/>\ncompact design<br \/>\ncordless<\/p>\n<\/div><\/div><\/div><\/div><\/div><div class=\"w-tabs-section\" id=\"ncaa\"><button class=\"w-tabs-section-header\" aria-controls=\"content-ncaa\" aria-expanded=\"false\"><div class=\"w-tabs-section-title\">TREATMENT MODES<\/div><div class=\"w-tabs-section-control\"><\/div><\/button><div  class=\"w-tabs-section-content\" id=\"content-ncaa\"><div class=\"w-tabs-section-content-h i-cf\">[ult_content_box][ult_tab_element tab_style=&#8221;Style_2&#8243; acttab_title=&#8221;#e5e5e5&#8243; acttab_background=&#8221;#ed7600&#8243;][single_tab title=&#8221;A MODE&#8221; tab_id=&#8221;1650452537671-99485-cc9c&#8221;]<div class=\"wpb_text_column\"><div class=\"wpb_wrapper\"><p><img decoding=\"async\" loading=\"lazy\" class=\"alignnone size-full wp-image-10665 alignleft\" src=\"https:\/\/www.fizyomed.com.tr\/wp-content\/uploads\/2022\/04\/1-2.png\" alt=\"\" width=\"195\" height=\"222\" \/>MODE A: recommended before using other modes. The pressure generated during treatment using this mode is approx. 20% lower than selected in the panel. This mode is also recommended for relaxation, stress relief and prophylaxis.<\/p>\n<\/div><\/div>[\/single_tab][single_tab title=&#8221;B MODU&#8221; tab_id=&#8221;1650452598131-2-49485-cc9c&#8221;]<div class=\"wpb_text_column\"><div class=\"wpb_wrapper\"><p><img decoding=\"async\" loading=\"lazy\" class=\"alignnone size-full wp-image-10667 alignleft\" src=\"https:\/\/www.fizyomed.com.tr\/wp-content\/uploads\/2022\/04\/2-3.png\" alt=\"\" width=\"222\" height=\"252\" \/>MODE B: Pumping 1 chamber each with pressure holding in previous chambers. Recommended in case of edema and post-traumatic treatment.<\/p>\n<\/div><\/div>[\/single_tab][single_tab title=&#8221;C MODU&#8221; tab_id=&#8221;1650452537748-109485-cc9c&#8221;]<div class=\"wpb_text_column\"><div class=\"wpb_wrapper\"><p><img decoding=\"async\" loading=\"lazy\" class=\"alignnone size-full wp-image-10669 alignleft\" src=\"https:\/\/www.fizyomed.com.tr\/wp-content\/uploads\/2022\/04\/3-4.png\" alt=\"\" width=\"233\" height=\"264\" \/>C MODU: \u00d6nceki 2 b\u00f6lmede bas\u0131n\u00e7 d\u00fc\u015f\u00fcrme ile 2 b\u00f6lmeyi pompalamak. \u00d6ncelikle \u00f6dem tedavisinde kullan\u0131l\u0131r.<\/p>\n<\/div><\/div>[\/single_tab][single_tab title=&#8221;D MODU&#8221; tab_id=&#8221;1650452804491-3-29485-cc9c&#8221;]<div class=\"wpb_text_column\"><div class=\"wpb_wrapper\"><p><img decoding=\"async\" loading=\"lazy\" class=\"alignnone size-full wp-image-10671 alignleft\" src=\"https:\/\/www.fizyomed.com.tr\/wp-content\/uploads\/2022\/04\/4-3.png\" alt=\"\" width=\"204\" height=\"233\" \/>D MODE: Simultaneous pumping of all chambers, then extinguishing. This mode is especially recommended for post-workout recovery.<\/p>\n<\/div><\/div>[\/single_tab][single_tab title=&#8221;E MODU&#8221; tab_id=&#8221;1650461853628-4-3&#8243;]<div class=\"wpb_text_column\"><div class=\"wpb_wrapper\"><p><img decoding=\"async\" loading=\"lazy\" class=\"alignnone size-full wp-image-10673 alignleft\" src=\"https:\/\/www.fizyomed.com.tr\/wp-content\/uploads\/2022\/04\/5-2.png\" alt=\"\" width=\"197\" height=\"224\" \/>E MODE: It is a combination of A + B modes.<\/p>\n<\/div><\/div>[\/single_tab][\/ult_tab_element][\/ult_content_box]<\/div><\/div><\/div><div class=\"w-tabs-section\" id=\"1600363883642-986798e8-f87c2828-52fecdf5-0136b0d3-bd1981ff-7a63\"><button class=\"w-tabs-section-header\" aria-controls=\"content-1600363883642-986798e8-f87c2828-52fecdf5-0136b0d3-bd1981ff-7a63\" aria-expanded=\"false\"><div class=\"w-tabs-section-title\">ACCESSORIES<\/div><div class=\"w-tabs-section-control\"><\/div><\/button><div  class=\"w-tabs-section-content\" id=\"content-1600363883642-986798e8-f87c2828-52fecdf5-0136b0d3-bd1981ff-7a63\"><div class=\"w-tabs-section-content-h i-cf\"><div class=\"wpb_text_column\"><div class=\"wpb_wrapper\"><p><picture><source srcset=\"https:\/\/www.fizyomed.com.tr\/wp-content\/webp-express\/webp-images\/uploads\/2022\/04\/1618900028_mankiet-noga4.jpg.webp 1000w, https:\/\/www.fizyomed.com.tr\/wp-content\/webp-express\/webp-images\/uploads\/2022\/04\/1618900028_mankiet-noga4-300x300.jpg.webp 300w, https:\/\/www.fizyomed.com.tr\/wp-content\/webp-express\/webp-images\/uploads\/2022\/04\/1618900028_mankiet-noga4-150x150.jpg.webp 150w\" sizes=\"(max-width: 174px) 100vw, 174px\" type=\"image\/webp\"><img decoding=\"async\" loading=\"lazy\" class=\"wp-image-10575 webpexpress-processed\" src=\"https:\/\/www.fizyomed.com.tr\/wp-content\/uploads\/2022\/04\/1618900028_mankiet-noga4.jpg\" alt=\"\" width=\"174\" height=\"174\" srcset=\"https:\/\/www.fizyomed.com.tr\/wp-content\/uploads\/2022\/04\/1618900028_mankiet-noga4.jpg 1000w, https:\/\/www.fizyomed.com.tr\/wp-content\/uploads\/2022\/04\/1618900028_mankiet-noga4-300x300.jpg 300w, https:\/\/www.fizyomed.com.tr\/wp-content\/uploads\/2022\/04\/1618900028_mankiet-noga4-150x150.jpg 150w\" sizes=\"(max-width: 174px) 100vw, 174px\"><\/picture>4 CHAMBER RIGHT LEG Cuff<\/p>\n<p><picture><source srcset=\"https:\/\/www.fizyomed.com.tr\/wp-content\/webp-express\/webp-images\/uploads\/2022\/04\/1618900028_mankiet-noga4.jpg.webp 1000w, https:\/\/www.fizyomed.com.tr\/wp-content\/webp-express\/webp-images\/uploads\/2022\/04\/1618900028_mankiet-noga4-300x300.jpg.webp 300w, https:\/\/www.fizyomed.com.tr\/wp-content\/webp-express\/webp-images\/uploads\/2022\/04\/1618900028_mankiet-noga4-150x150.jpg.webp 150w\" sizes=\"(max-width: 202px) 100vw, 202px\" type=\"image\/webp\"><img decoding=\"async\" loading=\"lazy\" class=\"alignnone wp-image-10575 webpexpress-processed\" src=\"https:\/\/www.fizyomed.com.tr\/wp-content\/uploads\/2022\/04\/1618900028_mankiet-noga4.jpg\" alt=\"\" width=\"202\" height=\"202\" srcset=\"https:\/\/www.fizyomed.com.tr\/wp-content\/uploads\/2022\/04\/1618900028_mankiet-noga4.jpg 1000w, https:\/\/www.fizyomed.com.tr\/wp-content\/uploads\/2022\/04\/1618900028_mankiet-noga4-300x300.jpg 300w, https:\/\/www.fizyomed.com.tr\/wp-content\/uploads\/2022\/04\/1618900028_mankiet-noga4-150x150.jpg 150w\" sizes=\"(max-width: 202px) 100vw, 202px\"><\/picture>4 CHAMBER LEFT LEG Cuff<\/p>\n<p><picture><source srcset=\"https:\/\/www.fizyomed.com.tr\/wp-content\/webp-express\/webp-images\/uploads\/2022\/04\/slide-4-1.jpg.webp 1000w, https:\/\/www.fizyomed.com.tr\/wp-content\/webp-express\/webp-images\/uploads\/2022\/04\/slide-4-1-300x300.jpg.webp 300w, https:\/\/www.fizyomed.com.tr\/wp-content\/webp-express\/webp-images\/uploads\/2022\/04\/slide-4-1-150x150.jpg.webp 150w\" sizes=\"(max-width: 192px) 100vw, 192px\" type=\"image\/webp\"><img decoding=\"async\" loading=\"lazy\" class=\"alignnone wp-image-10579 webpexpress-processed\" src=\"https:\/\/www.fizyomed.com.tr\/wp-content\/uploads\/2022\/04\/slide-4-1.jpg\" alt=\"\" width=\"192\" height=\"192\" srcset=\"https:\/\/www.fizyomed.com.tr\/wp-content\/uploads\/2022\/04\/slide-4-1.jpg 1000w, https:\/\/www.fizyomed.com.tr\/wp-content\/uploads\/2022\/04\/slide-4-1-300x300.jpg 300w, https:\/\/www.fizyomed.com.tr\/wp-content\/uploads\/2022\/04\/slide-4-1-150x150.jpg 150w\" sizes=\"(max-width: 192px) 100vw, 192px\"><\/picture>TUBE 4 CHAMBER ARM Cuff<\/p>\n<p><picture><source srcset=\"https:\/\/www.fizyomed.com.tr\/wp-content\/webp-express\/webp-images\/uploads\/2022\/04\/slide-4-2-1.jpg.webp 1000w, https:\/\/www.fizyomed.com.tr\/wp-content\/webp-express\/webp-images\/uploads\/2022\/04\/slide-4-2-1-300x300.jpg.webp 300w, https:\/\/www.fizyomed.com.tr\/wp-content\/webp-express\/webp-images\/uploads\/2022\/04\/slide-4-2-1-150x150.jpg.webp 150w\" sizes=\"(max-width: 195px) 100vw, 195px\" type=\"image\/webp\"><img decoding=\"async\" loading=\"lazy\" class=\"alignnone wp-image-10581 webpexpress-processed\" src=\"https:\/\/www.fizyomed.com.tr\/wp-content\/uploads\/2022\/04\/slide-4-2-1.jpg\" alt=\"\" width=\"195\" height=\"195\" srcset=\"https:\/\/www.fizyomed.com.tr\/wp-content\/uploads\/2022\/04\/slide-4-2-1.jpg 1000w, https:\/\/www.fizyomed.com.tr\/wp-content\/uploads\/2022\/04\/slide-4-2-1-300x300.jpg 300w, https:\/\/www.fizyomed.com.tr\/wp-content\/uploads\/2022\/04\/slide-4-2-1-150x150.jpg 150w\" sizes=\"(max-width: 195px) 100vw, 195px\"><\/picture>4 CHAMBER WAIST Cuff<\/p>\n<\/div><\/div><\/div><\/div><\/div><\/div><\/div><\/div><\/div><\/div><\/div><\/div><\/section>\n","protected":false},"excerpt":{"rendered":"SPORT SERIES MOVE 8GENERAL FEATURESTREATMENT MODESACCESSORIESGENERAL FEATURESThe CarePump Move8 is the most advanced lymphatic drainage device in the CarePump series. The device is compatible with 8-chamber cuffs and is extremely effective thanks to the treatment. The Move8 is a device for professional use in medicine, rehabilitation, physiotherapy and biological regeneration. Move8 is designed for mobile...","protected":false},"author":1,"featured_media":0,"parent":0,"menu_order":0,"comment_status":"closed","ping_status":"closed","template":"","meta":{"footnotes":""},"aioseo_notices":[],"_links":{"self":[{"href":"https:\/\/www.fizyomed.com.tr\/en\/wp-json\/wp\/v2\/pages\/11190"}],"collection":[{"href":"https:\/\/www.fizyomed.com.tr\/en\/wp-json\/wp\/v2\/pages"}],"about":[{"href":"https:\/\/www.fizyomed.com.tr\/en\/wp-json\/wp\/v2\/types\/page"}],"author":[{"embeddable":true,"href":"https:\/\/www.fizyomed.com.tr\/en\/wp-json\/wp\/v2\/users\/1"}],"replies":[{"embeddable":true,"href":"https:\/\/www.fizyomed.com.tr\/en\/wp-json\/wp\/v2\/comments?post=11190"}],"version-history":[{"count":0,"href":"https:\/\/www.fizyomed.com.tr\/en\/wp-json\/wp\/v2\/pages\/11190\/revisions"}],"wp:attachment":[{"href":"https:\/\/www.fizyomed.com.tr\/en\/wp-json\/wp\/v2\/media?parent=11190"}],"curies":[{"name":"wp","href":"https:\/\/api.w.org\/{rel}","templated":true}]}}