{"id":11239,"date":"2022-04-20T15:38:58","date_gmt":"2022-04-20T12:38:58","guid":{"rendered":"https:\/\/www.fizyomed.com.tr\/lite-6\/"},"modified":"2022-12-20T16:41:06","modified_gmt":"2022-12-20T13:41:06","slug":"lite-6","status":"publish","type":"page","link":"https:\/\/www.fizyomed.com.tr\/en\/lite-6\/","title":{"rendered":"LITE 6"},"content":{"rendered":"<section class=\"l-section wpb_row height_custom\"><div class=\"l-section-h i-cf\"><div class=\"g-cols vc_row via_flex valign_top type_default stacking_default\"><div class=\"vc_col-sm-12 wpb_column vc_column_container\"><div class=\"vc_column-inner\"><div class=\"wpb_wrapper\"><div class=\"wpb_text_column\"><div class=\"wpb_wrapper\"><p><picture><source srcset=\"https:\/\/www.fizyomed.com.tr\/wp-content\/webp-express\/webp-images\/uploads\/2022\/04\/MEDICA-2021-BardoMed-Sp.-z.o.o.-Exhibitor-medcom2021.2679473-u9HmbS5GRlG0ARCQDiouaw.png.webp 719w, https:\/\/www.fizyomed.com.tr\/wp-content\/webp-express\/webp-images\/uploads\/2022\/04\/MEDICA-2021-BardoMed-Sp.-z.o.o.-Exhibitor-medcom2021.2679473-u9HmbS5GRlG0ARCQDiouaw-300x129.png.webp 300w\" sizes=\"(max-width: 510px) 100vw, 510px\" type=\"image\/webp\"><img decoding=\"async\" loading=\"lazy\" class=\" wp-image-10570 aligncenter webpexpress-processed\" src=\"https:\/\/www.fizyomed.com.tr\/wp-content\/uploads\/2022\/04\/MEDICA-2021-BardoMed-Sp.-z.o.o.-Exhibitor-medcom2021.2679473-u9HmbS5GRlG0ARCQDiouaw.png\" alt=\"\" width=\"510\" height=\"218\" srcset=\"https:\/\/www.fizyomed.com.tr\/wp-content\/uploads\/2022\/04\/MEDICA-2021-BardoMed-Sp.-z.o.o.-Exhibitor-medcom2021.2679473-u9HmbS5GRlG0ARCQDiouaw.png 719w, https:\/\/www.fizyomed.com.tr\/wp-content\/uploads\/2022\/04\/MEDICA-2021-BardoMed-Sp.-z.o.o.-Exhibitor-medcom2021.2679473-u9HmbS5GRlG0ARCQDiouaw-300x129.png 300w\" sizes=\"(max-width: 510px) 100vw, 510px\"><\/picture><\/p>\n<\/div><\/div><div class=\"wpb_text_column us_custom_6745946f has_text_color\"><div class=\"wpb_wrapper\"><h3 style=\"text-align: center;\"><strong>ECONOMIC SERIES LITE 6<\/strong><\/h3>\n<\/div><\/div><h4 class=\"w-post-elm post_title align_center entry-title color_link_inherit\">LITE 6<\/h4><div class=\"w-separator size_medium\"><\/div><div class=\"g-cols wpb_row via_flex valign_top type_default stacking_default\"><div class=\"vc_col-sm-2 wpb_column vc_column_container\"><div class=\"vc_column-inner\"><div class=\"wpb_wrapper\"><\/div><\/div><\/div><div class=\"vc_col-sm-8 wpb_column vc_column_container\"><div class=\"vc_column-inner\"><div class=\"wpb_wrapper\"><div class=\"w-image align_none\"><div class=\"w-image-h\"><picture><source srcset=\"https:\/\/www.fizyomed.com.tr\/wp-content\/webp-express\/webp-images\/uploads\/2022\/04\/baner-product-lite6.jpg.webp 1000w, https:\/\/www.fizyomed.com.tr\/wp-content\/webp-express\/webp-images\/uploads\/2022\/04\/baner-product-lite6-300x227.jpg.webp 300w\" sizes=\"(max-width: 1000px) 100vw, 1000px\" type=\"image\/webp\"><img width=\"1000\" height=\"756\" src=\"https:\/\/www.fizyomed.com.tr\/wp-content\/uploads\/2022\/04\/baner-product-lite6.jpg\" class=\"attachment-large size-large webpexpress-processed\" alt=\"\" decoding=\"async\" loading=\"lazy\" srcset=\"https:\/\/www.fizyomed.com.tr\/wp-content\/uploads\/2022\/04\/baner-product-lite6.jpg 1000w, https:\/\/www.fizyomed.com.tr\/wp-content\/uploads\/2022\/04\/baner-product-lite6-300x227.jpg 300w\" sizes=\"(max-width: 1000px) 100vw, 1000px\"><\/picture><\/div><\/div><\/div><\/div><\/div><div class=\"vc_col-sm-2 wpb_column vc_column_container\"><div class=\"vc_column-inner\"><div class=\"wpb_wrapper\"><\/div><\/div><\/div><\/div><div class=\"g-cols wpb_row via_flex valign_top type_default stacking_default\"><div class=\"vc_col-sm-1\/5 wpb_column vc_column_container\"><div class=\"vc_column-inner\"><div class=\"wpb_wrapper\"><\/div><\/div><\/div><div class=\"vc_col-sm-1\/5 wpb_column vc_column_container\"><div class=\"vc_column-inner\"><div class=\"wpb_wrapper\"><div class=\"w-image align_none\"><div class=\"w-image-h\"><picture><source srcset=\"https:\/\/www.fizyomed.com.tr\/wp-content\/webp-express\/webp-images\/uploads\/2022\/04\/1644003312_slide-10.jpg.webp 1000w, https:\/\/www.fizyomed.com.tr\/wp-content\/webp-express\/webp-images\/uploads\/2022\/04\/1644003312_slide-10-300x300.jpg.webp 300w, https:\/\/www.fizyomed.com.tr\/wp-content\/webp-express\/webp-images\/uploads\/2022\/04\/1644003312_slide-10-150x150.jpg.webp 150w\" sizes=\"(max-width: 1000px) 100vw, 1000px\" type=\"image\/webp\"><img width=\"1000\" height=\"1000\" src=\"https:\/\/www.fizyomed.com.tr\/wp-content\/uploads\/2022\/04\/1644003312_slide-10.jpg\" class=\"attachment-large size-large webpexpress-processed\" alt=\"\" decoding=\"async\" loading=\"lazy\" srcset=\"https:\/\/www.fizyomed.com.tr\/wp-content\/uploads\/2022\/04\/1644003312_slide-10.jpg 1000w, https:\/\/www.fizyomed.com.tr\/wp-content\/uploads\/2022\/04\/1644003312_slide-10-300x300.jpg 300w, https:\/\/www.fizyomed.com.tr\/wp-content\/uploads\/2022\/04\/1644003312_slide-10-150x150.jpg 150w\" sizes=\"(max-width: 1000px) 100vw, 1000px\"><\/picture><\/div><\/div><\/div><\/div><\/div><div class=\"vc_col-sm-1\/5 wpb_column vc_column_container\"><div class=\"vc_column-inner\"><div class=\"wpb_wrapper\"><\/div><\/div><\/div><div class=\"vc_col-sm-1\/5 wpb_column vc_column_container\"><div class=\"vc_column-inner\"><div class=\"wpb_wrapper\"><\/div><\/div><\/div><div class=\"vc_col-sm-1\/5 wpb_column vc_column_container\"><div class=\"vc_column-inner\"><div class=\"wpb_wrapper\"><\/div><\/div><\/div><\/div><div class=\"w-separator size_medium\"><\/div><div class=\"w-tabs layout_hor style_modern switch_click has_scrolling\" style=\"--sections-title-size:18px\"><div class=\"w-tabs-list items_4 align_justify\" style=\"font-weight:700;line-height:22px;\"><div class=\"w-tabs-list-h\"><button class=\"w-tabs-item active defined-active\" aria-controls=\"content-1600363853090-763c7d4e-ff9d2828-52fecdf5-0136b0d3-bd1981ff-7a63eb13-dfc8\" aria-expanded=\"true\"><span class=\"w-tabs-item-title\">GENERAL FEATURES<\/span><\/button><button class=\"w-tabs-item\" aria-controls=\"content-e1ef\" aria-expanded=\"false\"><span class=\"w-tabs-item-title\">TREATMENT MODES<\/span><\/button><button class=\"w-tabs-item\" aria-controls=\"content-1600363853101-f8a04836-59f12828-52fecdf5-0136b0d3-bd1981ff-7a63eb13-dfc8\" aria-expanded=\"false\"><span class=\"w-tabs-item-title\">TECHNICIAL SPECIFICATIONS<\/span><\/button><button class=\"w-tabs-item\" aria-controls=\"content-1600363883642-986798e8-f87c2828-52fecdf5-0136b0d3-bd1981ff-7a63\" aria-expanded=\"false\"><span class=\"w-tabs-item-title\">ACCESSORIES<\/span><\/button><\/div><\/div><div class=\"w-tabs-sections titles-align_none icon_chevron cpos_right\"><div class=\"w-tabs-section active\" id=\"1600363853090-763c7d4e-ff9d2828-52fecdf5-0136b0d3-bd1981ff-7a63eb13-dfc8\"><button class=\"w-tabs-section-header active\" aria-controls=\"content-1600363853090-763c7d4e-ff9d2828-52fecdf5-0136b0d3-bd1981ff-7a63eb13-dfc8\" aria-expanded=\"true\"><div class=\"w-tabs-section-title\">GENERAL FEATURES<\/div><div class=\"w-tabs-section-control\"><\/div><\/button><div  class=\"w-tabs-section-content\" id=\"content-1600363853090-763c7d4e-ff9d2828-52fecdf5-0136b0d3-bd1981ff-7a63eb13-dfc8\"><div class=\"w-tabs-section-content-h i-cf\"><div class=\"wpb_text_column\"><div class=\"wpb_wrapper\"><p>CarePump LITE6 is a professional device for performing pressotherapy (mechanical lymphatic drainage) at home. The device is easy to use, supports 6-chamber cuffs, has 6 operating modes developed by the Polish Society of Lymphology and produces pressure in the range of 20-220 mmHg.<\/p>\n<p>We&#8217;ve included a detailed list of pressotherapy indications and benefits here. This method is recommended for many diseases, including the circulatory and lymphatic systems, for athletes to accelerate regeneration and prevent injuries, as well as for aesthetic reasons, for example, to reduce cellulite.<\/p>\n<p>&nbsp;<\/p>\n<p>6 pre-programs<br \/>\nfine tuning of parameters<br \/>\nPossibility to close individual rooms<br \/>\nOverlapping cuffs<br \/>\nlow sound level<\/p>\n<\/div><\/div><\/div><\/div><\/div><div class=\"w-tabs-section\" id=\"e1ef\"><button class=\"w-tabs-section-header\" aria-controls=\"content-e1ef\" aria-expanded=\"false\"><div class=\"w-tabs-section-title\">TREATMENT MODES<\/div><div class=\"w-tabs-section-control\"><\/div><\/button><div  class=\"w-tabs-section-content\" id=\"content-e1ef\"><div class=\"w-tabs-section-content-h i-cf\">[ult_content_box][ult_tab_element tab_style=&#8221;Style_2&#8243; acttab_title=&#8221;#e5e5e5&#8243; acttab_background=&#8221;#ed7600&#8243;][single_tab title=&#8221;A MODU&#8221; tab_id=&#8221;1650452537671-9eb13-dfc8&#8243;]<div class=\"wpb_text_column\"><div class=\"wpb_wrapper\"><p style=\"text-align: center;\"><picture><source srcset=\"https:\/\/www.fizyomed.com.tr\/wp-content\/webp-express\/webp-images\/uploads\/2022\/04\/Ekran-Resmi-2022-04-20-15.14.59.png.webp 561w, https:\/\/www.fizyomed.com.tr\/wp-content\/webp-express\/webp-images\/uploads\/2022\/04\/Ekran-Resmi-2022-04-20-15.14.59-192x300.png.webp 192w\" sizes=\"(max-width: 155px) 100vw, 155px\" type=\"image\/webp\"><img decoding=\"async\" loading=\"lazy\" class=\"alignnone wp-image-10600 alignleft webpexpress-processed\" src=\"https:\/\/www.fizyomed.com.tr\/wp-content\/uploads\/2022\/04\/Ekran-Resmi-2022-04-20-15.14.59.png\" alt=\"\" width=\"155\" height=\"243\" srcset=\"https:\/\/www.fizyomed.com.tr\/wp-content\/uploads\/2022\/04\/Ekran-Resmi-2022-04-20-15.14.59.png 561w, https:\/\/www.fizyomed.com.tr\/wp-content\/uploads\/2022\/04\/Ekran-Resmi-2022-04-20-15.14.59-192x300.png 192w\" sizes=\"(max-width: 155px) 100vw, 155px\"><\/picture>LYMPHODEM: A standard program that efficiently replaces edema fluid while maintaining pressure in pre-inflated chambers.<\/p>\n<\/div><\/div>[\/single_tab][single_tab title=&#8221;B MODU&#8221; tab_id=&#8221;1650452598131-2-4eb13-dfc8&#8243;]<div class=\"wpb_text_column\"><div class=\"wpb_wrapper\"><p><picture><source srcset=\"https:\/\/www.fizyomed.com.tr\/wp-content\/webp-express\/webp-images\/uploads\/2022\/04\/Ekran-Resmi-2022-04-20-15.17.42.png.webp 610w, https:\/\/www.fizyomed.com.tr\/wp-content\/webp-express\/webp-images\/uploads\/2022\/04\/Ekran-Resmi-2022-04-20-15.17.42-206x300.png.webp 206w\" sizes=\"(max-width: 177px) 100vw, 177px\" type=\"image\/webp\"><img decoding=\"async\" loading=\"lazy\" class=\"alignnone wp-image-10602 alignleft webpexpress-processed\" src=\"https:\/\/www.fizyomed.com.tr\/wp-content\/uploads\/2022\/04\/Ekran-Resmi-2022-04-20-15.17.42.png\" alt=\"\" width=\"177\" height=\"257\" srcset=\"https:\/\/www.fizyomed.com.tr\/wp-content\/uploads\/2022\/04\/Ekran-Resmi-2022-04-20-15.17.42.png 610w, https:\/\/www.fizyomed.com.tr\/wp-content\/uploads\/2022\/04\/Ekran-Resmi-2022-04-20-15.17.42-206x300.png 206w\" sizes=\"(max-width: 177px) 100vw, 177px\"><\/picture><br \/>\nLYMPHODEM A program that provides constant compression in pre-inflated chambers while effectively displacing edema fluid, lymph, and venous blood. Twice as many cycles as in the &#8220;LYMPHODEMIA I&#8221; program, its effect covers the entire limb more quickly and efficiently and moves the swollen fluid between tissues with lower flow resistance due to their low cohesion.<\/p>\n<\/div><\/div>[\/single_tab][single_tab title=&#8221;C MODU&#8221; tab_id=&#8221;1650452537748-10eb13-dfc8&#8243;]<div class=\"wpb_text_column\"><div class=\"wpb_wrapper\"><p><picture><source srcset=\"https:\/\/www.fizyomed.com.tr\/wp-content\/webp-express\/webp-images\/uploads\/2022\/04\/Ekran-Resmi-2022-04-20-15.18.46.png.webp 552w, https:\/\/www.fizyomed.com.tr\/wp-content\/webp-express\/webp-images\/uploads\/2022\/04\/Ekran-Resmi-2022-04-20-15.18.46-188x300.png.webp 188w\" sizes=\"(max-width: 158px) 100vw, 158px\" type=\"image\/webp\"><img decoding=\"async\" loading=\"lazy\" class=\"alignnone wp-image-10604 alignleft webpexpress-processed\" src=\"https:\/\/www.fizyomed.com.tr\/wp-content\/uploads\/2022\/04\/Ekran-Resmi-2022-04-20-15.18.46.png\" alt=\"\" width=\"158\" height=\"253\" srcset=\"https:\/\/www.fizyomed.com.tr\/wp-content\/uploads\/2022\/04\/Ekran-Resmi-2022-04-20-15.18.46.png 552w, https:\/\/www.fizyomed.com.tr\/wp-content\/uploads\/2022\/04\/Ekran-Resmi-2022-04-20-15.18.46-188x300.png 188w\" sizes=\"(max-width: 158px) 100vw, 158px\"><\/picture><\/p>\n<p style=\"text-align: left;\">LIPOEDEM: A program that pumps the chambers in the classical way &#8211; one after the other with the pressure in the pre-filled chambers, except chamber 1, which deflates as chamber 3 inflates.<\/p>\n<\/div><\/div>[\/single_tab][single_tab title=&#8221;D MODU&#8221; tab_id=&#8221;1650452804491-3-2eb13-dfc8&#8243;]<div class=\"wpb_text_column\"><div class=\"wpb_wrapper\"><p><picture><source srcset=\"https:\/\/www.fizyomed.com.tr\/wp-content\/webp-express\/webp-images\/uploads\/2022\/04\/Ekran-Resmi-2022-04-20-15.27.41.png.webp 488w, https:\/\/www.fizyomed.com.tr\/wp-content\/webp-express\/webp-images\/uploads\/2022\/04\/Ekran-Resmi-2022-04-20-15.27.41-167x300.png.webp 167w\" sizes=\"(max-width: 196px) 100vw, 196px\" type=\"image\/webp\"><img decoding=\"async\" loading=\"lazy\" class=\"alignnone wp-image-10606 alignleft webpexpress-processed\" src=\"https:\/\/www.fizyomed.com.tr\/wp-content\/uploads\/2022\/04\/Ekran-Resmi-2022-04-20-15.27.41.png\" alt=\"\" width=\"196\" height=\"353\" srcset=\"https:\/\/www.fizyomed.com.tr\/wp-content\/uploads\/2022\/04\/Ekran-Resmi-2022-04-20-15.27.41.png 488w, https:\/\/www.fizyomed.com.tr\/wp-content\/uploads\/2022\/04\/Ekran-Resmi-2022-04-20-15.27.41-167x300.png 167w\" sizes=\"(max-width: 196px) 100vw, 196px\"><\/picture><\/p>\n<p style=\"text-align: left;\">REGENERATION: A program characterized by a high slope and average retention and breakout values. The program has modified the &#8220;double rising wave&#8221; known, for example, from lymphatic programs so that the wave travels not over one chamber but over two chambers. It is recommended to use after physical exertion.<\/p>\n<\/div><\/div>[\/single_tab][single_tab title=&#8221;E MODU&#8221; tab_id=&#8221;1650457717917-4-8&#8243;]<div class=\"wpb_text_column\"><div class=\"wpb_wrapper\"><p>\u00d6NLEME, RAHATLAMA:Bu program, t\u00fcm haznelerdeki bas\u0131nc\u0131 ayn\u0131 yapan s\u0131f\u0131r e\u011fime sahiptir. \u00d6dem rahats\u0131zl\u0131\u011f\u0131 olmayan ki\u015filer taraf\u0131ndan \u00f6zel kullan\u0131m nedeniyle ve \u00f6dem riskinin olmad\u0131\u011f\u0131 durumlarda 0 mmHg gradyan g\u00fcvenle kullan\u0131labilir. \u00d6zellikle g\u00fcn boyunca fiziksel aktivitenin azald\u0131\u011f\u0131 (oturma veya ayakta uzun s\u00fcreli \u00e7al\u0131\u015fma, ancak g\u00f6zle g\u00f6r\u00fcl\u00fcr \u015fi\u015flik olmadan) rahatlamaya adanm\u0131\u015ft\u0131r.<picture><source srcset=\"https:\/\/www.fizyomed.com.tr\/wp-content\/webp-express\/webp-images\/uploads\/2022\/04\/Ekran-Resmi-2022-04-20-15.29.29.png.webp 726w, https:\/\/www.fizyomed.com.tr\/wp-content\/webp-express\/webp-images\/uploads\/2022\/04\/Ekran-Resmi-2022-04-20-15.29.29-250x300.png.webp 250w\" sizes=\"(max-width: 198px) 100vw, 198px\" type=\"image\/webp\"><img decoding=\"async\" loading=\"lazy\" class=\"alignnone wp-image-10608 alignleft webpexpress-processed\" src=\"https:\/\/www.fizyomed.com.tr\/wp-content\/uploads\/2022\/04\/Ekran-Resmi-2022-04-20-15.29.29.png\" alt=\"\" width=\"198\" height=\"238\" srcset=\"https:\/\/www.fizyomed.com.tr\/wp-content\/uploads\/2022\/04\/Ekran-Resmi-2022-04-20-15.29.29.png 726w, https:\/\/www.fizyomed.com.tr\/wp-content\/uploads\/2022\/04\/Ekran-Resmi-2022-04-20-15.29.29-250x300.png 250w\" sizes=\"(max-width: 198px) 100vw, 198px\"><\/picture><\/p>\n<\/div><\/div>[\/single_tab][single_tab title=&#8221;F MODU&#8221; tab_id=&#8221;1650457806414-5-0&#8243;]<div class=\"wpb_text_column\"><div class=\"wpb_wrapper\"><p><picture><source srcset=\"https:\/\/www.fizyomed.com.tr\/wp-content\/webp-express\/webp-images\/uploads\/2022\/04\/Ekran-Resmi-2022-04-20-15.30.32.png.webp 640w, https:\/\/www.fizyomed.com.tr\/wp-content\/webp-express\/webp-images\/uploads\/2022\/04\/Ekran-Resmi-2022-04-20-15.30.32-221x300.png.webp 221w\" sizes=\"(max-width: 197px) 100vw, 197px\" type=\"image\/webp\"><img decoding=\"async\" loading=\"lazy\" class=\"alignnone wp-image-10610 alignleft webpexpress-processed\" src=\"https:\/\/www.fizyomed.com.tr\/wp-content\/uploads\/2022\/04\/Ekran-Resmi-2022-04-20-15.30.32.png\" alt=\"\" width=\"197\" height=\"267\" srcset=\"https:\/\/www.fizyomed.com.tr\/wp-content\/uploads\/2022\/04\/Ekran-Resmi-2022-04-20-15.30.32.png 640w, https:\/\/www.fizyomed.com.tr\/wp-content\/uploads\/2022\/04\/Ekran-Resmi-2022-04-20-15.30.32-221x300.png 221w\" sizes=\"(max-width: 197px) 100vw, 197px\"><\/picture><\/p>\n<p style=\"text-align: left;\">BALL MASSAGE: All chambers of the selected cuff inflate simultaneously and then maintain the set pressure for 2 seconds, then deflate, and after a pause of 3 seconds, the inflation of the entire cuff is repeated.<\/p>\n<\/div><\/div>[\/single_tab][\/ult_tab_element][\/ult_content_box]<\/div><\/div><\/div><div class=\"w-tabs-section\" id=\"1600363853101-f8a04836-59f12828-52fecdf5-0136b0d3-bd1981ff-7a63eb13-dfc8\"><button class=\"w-tabs-section-header\" aria-controls=\"content-1600363853101-f8a04836-59f12828-52fecdf5-0136b0d3-bd1981ff-7a63eb13-dfc8\" aria-expanded=\"false\"><div class=\"w-tabs-section-title\">TECHNICIAL SPECIFICATIONS<\/div><div class=\"w-tabs-section-control\"><\/div><\/button><div  class=\"w-tabs-section-content\" id=\"content-1600363853101-f8a04836-59f12828-52fecdf5-0136b0d3-bd1981ff-7a63eb13-dfc8\"><div class=\"w-tabs-section-content-h i-cf\"><div class=\"wpb_text_column\"><div class=\"wpb_wrapper\"><ul>\n<li>Supported cuffs: 6 chambers<\/li>\n<li>Cuff type: overlapping, fishbone<\/li>\n<li>Pressure: 20-220 mmHg<\/li>\n<li>Number of treatment programs: 6<\/li>\n<li>Duration: 1-120 minutes<\/li>\n<li>Possibility to close rooms: YES<\/li>\n<li>Setting treatment speed: 1-5<\/li>\n<li>Display: 5\u201d color, touchscreen<\/li>\n<li>Dimensions: 300x260x160 mm<\/li>\n<li>Weight: 2.8 kg<\/li>\n<\/ul>\n<\/div><\/div><\/div><\/div><\/div><div class=\"w-tabs-section\" id=\"1600363883642-986798e8-f87c2828-52fecdf5-0136b0d3-bd1981ff-7a63\"><button class=\"w-tabs-section-header\" aria-controls=\"content-1600363883642-986798e8-f87c2828-52fecdf5-0136b0d3-bd1981ff-7a63\" aria-expanded=\"false\"><div class=\"w-tabs-section-title\">ACCESSORIES<\/div><div class=\"w-tabs-section-control\"><\/div><\/button><div  class=\"w-tabs-section-content\" id=\"content-1600363883642-986798e8-f87c2828-52fecdf5-0136b0d3-bd1981ff-7a63\"><div class=\"w-tabs-section-content-h i-cf\"><div class=\"wpb_text_column\"><div class=\"wpb_wrapper\"><p><picture><source srcset=\"https:\/\/www.fizyomed.com.tr\/wp-content\/webp-express\/webp-images\/uploads\/2022\/04\/mankiet-noga6.jpg.webp 1000w, https:\/\/www.fizyomed.com.tr\/wp-content\/webp-express\/webp-images\/uploads\/2022\/04\/mankiet-noga6-300x300.jpg.webp 300w, https:\/\/www.fizyomed.com.tr\/wp-content\/webp-express\/webp-images\/uploads\/2022\/04\/mankiet-noga6-150x150.jpg.webp 150w\" sizes=\"(max-width: 200px) 100vw, 200px\" type=\"image\/webp\"><img decoding=\"async\" loading=\"lazy\" class=\"alignnone wp-image-10616 webpexpress-processed\" src=\"https:\/\/www.fizyomed.com.tr\/wp-content\/uploads\/2022\/04\/mankiet-noga6.jpg\" alt=\"\" width=\"200\" height=\"200\" srcset=\"https:\/\/www.fizyomed.com.tr\/wp-content\/uploads\/2022\/04\/mankiet-noga6.jpg 1000w, https:\/\/www.fizyomed.com.tr\/wp-content\/uploads\/2022\/04\/mankiet-noga6-300x300.jpg 300w, https:\/\/www.fizyomed.com.tr\/wp-content\/uploads\/2022\/04\/mankiet-noga6-150x150.jpg 150w\" sizes=\"(max-width: 200px) 100vw, 200px\"><\/picture> 6 CHAMBER LEFT LEG Cuff<\/p>\n<p><picture><source srcset=\"https:\/\/www.fizyomed.com.tr\/wp-content\/webp-express\/webp-images\/uploads\/2022\/04\/mankiet-noga6.jpg.webp 1000w, https:\/\/www.fizyomed.com.tr\/wp-content\/webp-express\/webp-images\/uploads\/2022\/04\/mankiet-noga6-300x300.jpg.webp 300w, https:\/\/www.fizyomed.com.tr\/wp-content\/webp-express\/webp-images\/uploads\/2022\/04\/mankiet-noga6-150x150.jpg.webp 150w\" sizes=\"(max-width: 200px) 100vw, 200px\" type=\"image\/webp\"><img decoding=\"async\" loading=\"lazy\" class=\"alignnone wp-image-10616 webpexpress-processed\" src=\"https:\/\/www.fizyomed.com.tr\/wp-content\/uploads\/2022\/04\/mankiet-noga6.jpg\" alt=\"\" width=\"200\" height=\"200\" srcset=\"https:\/\/www.fizyomed.com.tr\/wp-content\/uploads\/2022\/04\/mankiet-noga6.jpg 1000w, https:\/\/www.fizyomed.com.tr\/wp-content\/uploads\/2022\/04\/mankiet-noga6-300x300.jpg 300w, https:\/\/www.fizyomed.com.tr\/wp-content\/uploads\/2022\/04\/mankiet-noga6-150x150.jpg 150w\" sizes=\"(max-width: 200px) 100vw, 200px\"><\/picture>6 CHAMBER RIGHT LEG Cuff<\/p>\n<p>&nbsp;<\/p>\n<p><picture><source srcset=\"https:\/\/www.fizyomed.com.tr\/wp-content\/webp-express\/webp-images\/uploads\/2022\/04\/slide-6-5.jpg.webp 1000w, https:\/\/www.fizyomed.com.tr\/wp-content\/webp-express\/webp-images\/uploads\/2022\/04\/slide-6-5-300x300.jpg.webp 300w, https:\/\/www.fizyomed.com.tr\/wp-content\/webp-express\/webp-images\/uploads\/2022\/04\/slide-6-5-150x150.jpg.webp 150w\" sizes=\"(max-width: 200px) 100vw, 200px\" type=\"image\/webp\"><img decoding=\"async\" loading=\"lazy\" class=\"alignnone wp-image-10618 webpexpress-processed\" src=\"https:\/\/www.fizyomed.com.tr\/wp-content\/uploads\/2022\/04\/slide-6-5.jpg\" alt=\"\" width=\"200\" height=\"200\" srcset=\"https:\/\/www.fizyomed.com.tr\/wp-content\/uploads\/2022\/04\/slide-6-5.jpg 1000w, https:\/\/www.fizyomed.com.tr\/wp-content\/uploads\/2022\/04\/slide-6-5-300x300.jpg 300w, https:\/\/www.fizyomed.com.tr\/wp-content\/uploads\/2022\/04\/slide-6-5-150x150.jpg 150w\" sizes=\"(max-width: 200px) 100vw, 200px\"><\/picture>6 CHAMBER SHORT PANTS CUFF WITH TUBE<\/p>\n<p>&nbsp;<\/p>\n<p><picture><source srcset=\"https:\/\/www.fizyomed.com.tr\/wp-content\/webp-express\/webp-images\/uploads\/2022\/04\/1618722845_akcesoria-8-1.jpg.webp 1000w, https:\/\/www.fizyomed.com.tr\/wp-content\/webp-express\/webp-images\/uploads\/2022\/04\/1618722845_akcesoria-8-1-300x300.jpg.webp 300w, https:\/\/www.fizyomed.com.tr\/wp-content\/webp-express\/webp-images\/uploads\/2022\/04\/1618722845_akcesoria-8-1-150x150.jpg.webp 150w\" sizes=\"(max-width: 200px) 100vw, 200px\" type=\"image\/webp\"><img decoding=\"async\" loading=\"lazy\" class=\"alignnone wp-image-10620 webpexpress-processed\" src=\"https:\/\/www.fizyomed.com.tr\/wp-content\/uploads\/2022\/04\/1618722845_akcesoria-8-1.jpg\" alt=\"\" width=\"200\" height=\"200\" srcset=\"https:\/\/www.fizyomed.com.tr\/wp-content\/uploads\/2022\/04\/1618722845_akcesoria-8-1.jpg 1000w, https:\/\/www.fizyomed.com.tr\/wp-content\/uploads\/2022\/04\/1618722845_akcesoria-8-1-300x300.jpg 300w, https:\/\/www.fizyomed.com.tr\/wp-content\/uploads\/2022\/04\/1618722845_akcesoria-8-1-150x150.jpg 150w\" sizes=\"(max-width: 200px) 100vw, 200px\"><\/picture>6 CHAMBER ARM Cuff<\/p>\n<\/div><\/div><\/div><\/div><\/div><\/div><\/div><\/div><\/div><\/div><\/div><\/div><\/section>\n","protected":false},"excerpt":{"rendered":"ECONOMIC SERIES LITE 6 LITE 6GENERAL FEATURESTREATMENT MODESTECHNICIAL SPECIFICATIONSACCESSORIESGENERAL FEATURESCarePump LITE6 is a professional device for performing pressotherapy (mechanical lymphatic drainage) at home. The device is easy to use, supports 6-chamber cuffs, has 6 operating modes developed by the Polish Society of Lymphology and produces pressure in the range of 20-220 mmHg. We&#8217;ve included a...","protected":false},"author":1,"featured_media":0,"parent":0,"menu_order":0,"comment_status":"closed","ping_status":"closed","template":"","meta":{"footnotes":""},"aioseo_notices":[],"_links":{"self":[{"href":"https:\/\/www.fizyomed.com.tr\/en\/wp-json\/wp\/v2\/pages\/11239"}],"collection":[{"href":"https:\/\/www.fizyomed.com.tr\/en\/wp-json\/wp\/v2\/pages"}],"about":[{"href":"https:\/\/www.fizyomed.com.tr\/en\/wp-json\/wp\/v2\/types\/page"}],"author":[{"embeddable":true,"href":"https:\/\/www.fizyomed.com.tr\/en\/wp-json\/wp\/v2\/users\/1"}],"replies":[{"embeddable":true,"href":"https:\/\/www.fizyomed.com.tr\/en\/wp-json\/wp\/v2\/comments?post=11239"}],"version-history":[{"count":0,"href":"https:\/\/www.fizyomed.com.tr\/en\/wp-json\/wp\/v2\/pages\/11239\/revisions"}],"wp:attachment":[{"href":"https:\/\/www.fizyomed.com.tr\/en\/wp-json\/wp\/v2\/media?parent=11239"}],"curies":[{"name":"wp","href":"https:\/\/api.w.org\/{rel}","templated":true}]}}