{"id":11957,"date":"2023-12-12T15:31:25","date_gmt":"2023-12-12T12:31:25","guid":{"rendered":"https:\/\/www.fizyomed.com.tr\/handy-rehab\/"},"modified":"2023-12-12T15:32:53","modified_gmt":"2023-12-12T12:32:53","slug":"handy-rehab","status":"publish","type":"page","link":"https:\/\/www.fizyomed.com.tr\/en\/handy-rehab\/","title":{"rendered":"HANDY REHAB"},"content":{"rendered":"<section class=\"l-section wpb_row height_custom\"><div class=\"l-section-h i-cf\"><div class=\"g-cols vc_row via_flex valign_top type_default stacking_default\"><div class=\"vc_col-sm-12 wpb_column vc_column_container\"><div class=\"vc_column-inner\"><div class=\"wpb_wrapper\"><div class=\"wpb_text_column\"><div class=\"wpb_wrapper\"><p><picture><source srcset=\"https:\/\/www.fizyomed.com.tr\/wp-content\/webp-express\/webp-images\/uploads\/2023\/12\/fourirer-logo.jpg.webp 600w, https:\/\/www.fizyomed.com.tr\/wp-content\/webp-express\/webp-images\/uploads\/2023\/12\/fourirer-logo-300x94.jpg.webp 300w\" sizes=\"(max-width: 302px) 100vw, 302px\" type=\"image\/webp\"><img decoding=\"async\" loading=\"lazy\" class=\"wp-image-11837 aligncenter webpexpress-processed\" src=\"https:\/\/www.fizyomed.com.tr\/wp-content\/uploads\/2023\/12\/fourirer-logo.jpg\" alt=\"\" width=\"302\" height=\"94\" srcset=\"https:\/\/www.fizyomed.com.tr\/wp-content\/uploads\/2023\/12\/fourirer-logo.jpg 600w, https:\/\/www.fizyomed.com.tr\/wp-content\/uploads\/2023\/12\/fourirer-logo-300x94.jpg 300w\" sizes=\"(max-width: 302px) 100vw, 302px\"><\/picture><\/p>\n<\/div><\/div><div class=\"wpb_text_column us_custom_6745946f has_text_color\"><div class=\"wpb_wrapper\"><h3 style=\"text-align: center;\">HAND ROBOT WILL BE ADDED<\/h3>\n<\/div><\/div><h4 class=\"w-post-elm post_title align_center entry-title color_link_inherit\">HANDY REHAB<\/h4><div class=\"w-separator size_medium\"><\/div><div class=\"g-cols wpb_row via_flex valign_top type_default stacking_default\"><div class=\"vc_col-sm-2 wpb_column vc_column_container\"><div class=\"vc_column-inner\"><div class=\"wpb_wrapper\"><\/div><\/div><\/div><div class=\"vc_col-sm-8 wpb_column vc_column_container\"><div class=\"vc_column-inner\"><div class=\"wpb_wrapper\"><div class=\"w-image us_custom_8f2ba1f4 us_animate_this align_center\"><a href=\"https:\/\/www.fizyomed.com.tr\/wp-content\/uploads\/2023\/12\/HANDY-REHAB-01.jpg\" ref=\"magnificPopup\" aria-label=\"Link\" class=\"w-image-h\"><picture><source srcset=\"https:\/\/www.fizyomed.com.tr\/wp-content\/webp-express\/webp-images\/uploads\/2023\/12\/HANDY-REHAB-01.jpg.webp 1334w, https:\/\/www.fizyomed.com.tr\/wp-content\/webp-express\/webp-images\/uploads\/2023\/12\/HANDY-REHAB-01-300x169.jpg.webp 300w, https:\/\/www.fizyomed.com.tr\/wp-content\/webp-express\/webp-images\/uploads\/2023\/12\/HANDY-REHAB-01-1024x576.jpg.webp 1024w\" sizes=\"(max-width: 1334px) 100vw, 1334px\" type=\"image\/webp\"><img width=\"1334\" height=\"751\" src=\"https:\/\/www.fizyomed.com.tr\/wp-content\/uploads\/2023\/12\/HANDY-REHAB-01.jpg\" class=\"attachment-full size-full webpexpress-processed\" alt=\"\" decoding=\"async\" loading=\"lazy\" srcset=\"https:\/\/www.fizyomed.com.tr\/wp-content\/uploads\/2023\/12\/HANDY-REHAB-01.jpg 1334w, https:\/\/www.fizyomed.com.tr\/wp-content\/uploads\/2023\/12\/HANDY-REHAB-01-300x169.jpg 300w, https:\/\/www.fizyomed.com.tr\/wp-content\/uploads\/2023\/12\/HANDY-REHAB-01-1024x576.jpg 1024w\" sizes=\"(max-width: 1334px) 100vw, 1334px\"><\/picture><\/a><\/div><\/div><\/div><\/div><div class=\"vc_col-sm-2 wpb_column vc_column_container\"><div class=\"vc_column-inner\"><div class=\"wpb_wrapper\"><\/div><\/div><\/div><\/div><div class=\"w-separator size_medium\"><\/div><div class=\"g-cols wpb_row via_flex valign_top type_default stacking_default\"><div class=\"vc_col-sm-1\/5 wpb_column vc_column_container\"><div class=\"vc_column-inner\"><div class=\"wpb_wrapper\"><div class=\"w-image us_custom_8f2ba1f4 us_animate_this align_center\"><a href=\"https:\/\/www.fizyomed.com.tr\/wp-content\/uploads\/2023\/12\/HANDY-REHAB-02.jpg\" ref=\"magnificPopup\" aria-label=\"Link\" class=\"w-image-h\"><picture><source srcset=\"https:\/\/www.fizyomed.com.tr\/wp-content\/webp-express\/webp-images\/uploads\/2023\/12\/HANDY-REHAB-02.jpg.webp 1334w, https:\/\/www.fizyomed.com.tr\/wp-content\/webp-express\/webp-images\/uploads\/2023\/12\/HANDY-REHAB-02-300x169.jpg.webp 300w, https:\/\/www.fizyomed.com.tr\/wp-content\/webp-express\/webp-images\/uploads\/2023\/12\/HANDY-REHAB-02-1024x576.jpg.webp 1024w\" sizes=\"(max-width: 1334px) 100vw, 1334px\" type=\"image\/webp\"><img width=\"1334\" height=\"750\" src=\"https:\/\/www.fizyomed.com.tr\/wp-content\/uploads\/2023\/12\/HANDY-REHAB-02.jpg\" class=\"attachment-full size-full webpexpress-processed\" alt=\"\" decoding=\"async\" loading=\"lazy\" srcset=\"https:\/\/www.fizyomed.com.tr\/wp-content\/uploads\/2023\/12\/HANDY-REHAB-02.jpg 1334w, https:\/\/www.fizyomed.com.tr\/wp-content\/uploads\/2023\/12\/HANDY-REHAB-02-300x169.jpg 300w, https:\/\/www.fizyomed.com.tr\/wp-content\/uploads\/2023\/12\/HANDY-REHAB-02-1024x576.jpg 1024w\" sizes=\"(max-width: 1334px) 100vw, 1334px\"><\/picture><\/a><\/div><\/div><\/div><\/div><div class=\"vc_col-sm-1\/5 wpb_column vc_column_container\"><div class=\"vc_column-inner\"><div class=\"wpb_wrapper\"><div class=\"w-image us_custom_8f2ba1f4 us_animate_this align_center\"><a href=\"https:\/\/www.fizyomed.com.tr\/wp-content\/uploads\/2023\/12\/HANDY-REHAB-03.jpg\" ref=\"magnificPopup\" aria-label=\"Link\" class=\"w-image-h\"><picture><source srcset=\"https:\/\/www.fizyomed.com.tr\/wp-content\/webp-express\/webp-images\/uploads\/2023\/12\/HANDY-REHAB-03.jpg.webp 1341w, https:\/\/www.fizyomed.com.tr\/wp-content\/webp-express\/webp-images\/uploads\/2023\/12\/HANDY-REHAB-03-300x169.jpg.webp 300w, https:\/\/www.fizyomed.com.tr\/wp-content\/webp-express\/webp-images\/uploads\/2023\/12\/HANDY-REHAB-03-1024x576.jpg.webp 1024w\" sizes=\"(max-width: 1341px) 100vw, 1341px\" type=\"image\/webp\"><img width=\"1341\" height=\"754\" src=\"https:\/\/www.fizyomed.com.tr\/wp-content\/uploads\/2023\/12\/HANDY-REHAB-03.jpg\" class=\"attachment-full size-full webpexpress-processed\" alt=\"\" decoding=\"async\" loading=\"lazy\" srcset=\"https:\/\/www.fizyomed.com.tr\/wp-content\/uploads\/2023\/12\/HANDY-REHAB-03.jpg 1341w, https:\/\/www.fizyomed.com.tr\/wp-content\/uploads\/2023\/12\/HANDY-REHAB-03-300x169.jpg 300w, https:\/\/www.fizyomed.com.tr\/wp-content\/uploads\/2023\/12\/HANDY-REHAB-03-1024x576.jpg 1024w\" sizes=\"(max-width: 1341px) 100vw, 1341px\"><\/picture><\/a><\/div><\/div><\/div><\/div><div class=\"vc_col-sm-1\/5 wpb_column vc_column_container\"><div class=\"vc_column-inner\"><div class=\"wpb_wrapper\"><div class=\"w-image us_custom_8f2ba1f4 us_animate_this align_center\"><a href=\"https:\/\/www.fizyomed.com.tr\/wp-content\/uploads\/2023\/12\/HANDY-REHAB-04.jpg\" ref=\"magnificPopup\" aria-label=\"Link\" class=\"w-image-h\"><picture><source srcset=\"https:\/\/www.fizyomed.com.tr\/wp-content\/webp-express\/webp-images\/uploads\/2023\/12\/HANDY-REHAB-04.jpg.webp 1389w, https:\/\/www.fizyomed.com.tr\/wp-content\/webp-express\/webp-images\/uploads\/2023\/12\/HANDY-REHAB-04-300x200.jpg.webp 300w, https:\/\/www.fizyomed.com.tr\/wp-content\/webp-express\/webp-images\/uploads\/2023\/12\/HANDY-REHAB-04-1024x683.jpg.webp 1024w\" sizes=\"(max-width: 1389px) 100vw, 1389px\" type=\"image\/webp\"><img width=\"1389\" height=\"926\" src=\"https:\/\/www.fizyomed.com.tr\/wp-content\/uploads\/2023\/12\/HANDY-REHAB-04.jpg\" class=\"attachment-full size-full webpexpress-processed\" alt=\"\" decoding=\"async\" loading=\"lazy\" srcset=\"https:\/\/www.fizyomed.com.tr\/wp-content\/uploads\/2023\/12\/HANDY-REHAB-04.jpg 1389w, https:\/\/www.fizyomed.com.tr\/wp-content\/uploads\/2023\/12\/HANDY-REHAB-04-300x200.jpg 300w, https:\/\/www.fizyomed.com.tr\/wp-content\/uploads\/2023\/12\/HANDY-REHAB-04-1024x683.jpg 1024w\" sizes=\"(max-width: 1389px) 100vw, 1389px\"><\/picture><\/a><\/div><\/div><\/div><\/div><div class=\"vc_col-sm-1\/5 wpb_column vc_column_container\"><div class=\"vc_column-inner\"><div class=\"wpb_wrapper\"><\/div><\/div><\/div><div class=\"vc_col-sm-1\/5 wpb_column vc_column_container\"><div class=\"vc_column-inner\"><div class=\"wpb_wrapper\"><\/div><\/div><\/div><\/div><div class=\"w-separator size_medium\"><\/div><div class=\"w-tabs layout_hor style_modern switch_click has_scrolling\" style=\"--sections-title-size:18px\"><div class=\"w-tabs-list items_1 align_justify\" style=\"font-weight:700;line-height:22px;\"><div class=\"w-tabs-list-h\"><button class=\"w-tabs-item active defined-active\" aria-controls=\"content-1600363853090-763c7d4e-ff9d2828-52fecdf5-0136b0d3-bd192676-39c0\" aria-expanded=\"true\"><span class=\"w-tabs-item-title\">GENEL \u00d6ZELL\u0130KLER<\/span><\/button><\/div><\/div><div class=\"w-tabs-sections titles-align_none icon_chevron cpos_right\"><div class=\"w-tabs-section active\" id=\"1600363853090-763c7d4e-ff9d2828-52fecdf5-0136b0d3-bd192676-39c0\"><button class=\"w-tabs-section-header active\" aria-controls=\"content-1600363853090-763c7d4e-ff9d2828-52fecdf5-0136b0d3-bd192676-39c0\" aria-expanded=\"true\"><div class=\"w-tabs-section-title\">GENEL \u00d6ZELL\u0130KLER<\/div><div class=\"w-tabs-section-control\"><\/div><\/button><div  class=\"w-tabs-section-content\" id=\"content-1600363853090-763c7d4e-ff9d2828-52fecdf5-0136b0d3-bd192676-39c0\"><div class=\"w-tabs-section-content-h i-cf\"><div class=\"wpb_text_column\"><div class=\"wpb_wrapper\"><p><strong>HandyRehab<\/strong><br \/>\n<strong>Hand Function Rehabilitation Robotics<\/strong><\/p>\n<p>HandyRehab is an intelligent hand rehabilitation robotic glove that targets the user&#8217;s fine motor skills by providing various functional finger movement training. It is portable, lightweight and also provides human-computer interaction by integrating electromyographic biofeedback technology.<\/p>\n<p><strong>Wireless, Lightweight and Portable<\/strong><\/p>\n<p>HandyRehab can act as an assistive device in everyday life. HandyRehab\u2122 can help users train on any object and task in the home to restore hand function and thus improve their quality of daily life.<\/p>\n<p><strong>Various Creative Training Combinations<\/strong><\/p>\n<ul>\n<li>Common ROM Training<\/li>\n<li>Stretching Training<\/li>\n<li>Power Training<\/li>\n<li>Fine Motor Skills Training<\/li>\n<\/ul>\n<p><strong><picture><source srcset=\"https:\/\/www.fizyomed.com.tr\/wp-content\/webp-express\/webp-images\/uploads\/2023\/12\/HANDY-REHAB-05.png.webp 992w, https:\/\/www.fizyomed.com.tr\/wp-content\/webp-express\/webp-images\/uploads\/2023\/12\/HANDY-REHAB-05-300x169.png.webp 300w\" sizes=\"(max-width: 442px) 100vw, 442px\" type=\"image\/webp\"><img decoding=\"async\" loading=\"lazy\" class=\"alignnone wp-image-11942 webpexpress-processed\" src=\"https:\/\/www.fizyomed.com.tr\/wp-content\/uploads\/2023\/12\/HANDY-REHAB-05.png\" alt=\"\" width=\"442\" height=\"249\" srcset=\"https:\/\/www.fizyomed.com.tr\/wp-content\/uploads\/2023\/12\/HANDY-REHAB-05.png 992w, https:\/\/www.fizyomed.com.tr\/wp-content\/uploads\/2023\/12\/HANDY-REHAB-05-300x169.png 300w\" sizes=\"(max-width: 442px) 100vw, 442px\"><\/picture><\/strong><\/p>\n<p><strong><picture><source srcset=\"https:\/\/www.fizyomed.com.tr\/wp-content\/webp-express\/webp-images\/uploads\/2023\/12\/HANDY-REHAB-06.png.webp 994w, https:\/\/www.fizyomed.com.tr\/wp-content\/webp-express\/webp-images\/uploads\/2023\/12\/HANDY-REHAB-06-300x168.png.webp 300w\" sizes=\"(max-width: 441px) 100vw, 441px\" type=\"image\/webp\"><img decoding=\"async\" loading=\"lazy\" class=\"alignnone wp-image-11944 webpexpress-processed\" src=\"https:\/\/www.fizyomed.com.tr\/wp-content\/uploads\/2023\/12\/HANDY-REHAB-06.png\" alt=\"\" width=\"441\" height=\"247\" srcset=\"https:\/\/www.fizyomed.com.tr\/wp-content\/uploads\/2023\/12\/HANDY-REHAB-06.png 994w, https:\/\/www.fizyomed.com.tr\/wp-content\/uploads\/2023\/12\/HANDY-REHAB-06-300x168.png 300w\" sizes=\"(max-width: 441px) 100vw, 441px\"><\/picture><\/strong><\/p>\n<p><strong><picture><source srcset=\"https:\/\/www.fizyomed.com.tr\/wp-content\/webp-express\/webp-images\/uploads\/2023\/12\/HANDY-REHAB-07.png.webp 994w, https:\/\/www.fizyomed.com.tr\/wp-content\/webp-express\/webp-images\/uploads\/2023\/12\/HANDY-REHAB-07-300x168.png.webp 300w\" sizes=\"(max-width: 439px) 100vw, 439px\" type=\"image\/webp\"><img decoding=\"async\" loading=\"lazy\" class=\"alignnone wp-image-11946 webpexpress-processed\" src=\"https:\/\/www.fizyomed.com.tr\/wp-content\/uploads\/2023\/12\/HANDY-REHAB-07.png\" alt=\"\" width=\"439\" height=\"246\" srcset=\"https:\/\/www.fizyomed.com.tr\/wp-content\/uploads\/2023\/12\/HANDY-REHAB-07.png 994w, https:\/\/www.fizyomed.com.tr\/wp-content\/uploads\/2023\/12\/HANDY-REHAB-07-300x168.png 300w\" sizes=\"(max-width: 439px) 100vw, 439px\"><\/picture><\/strong><\/p>\n<p><strong>Measurable Education<\/strong><\/p>\n<p>Key performance indicators are recorded in real time, so improvements can be shown immediately. The report is generated automatically after each training so that the therapist can better understand the user&#8217;s rehabilitation process.<\/p>\n<\/div><\/div><\/div><\/div><\/div><\/div><\/div><\/div><\/div><\/div><\/div><\/div><\/section>\n","protected":false},"excerpt":{"rendered":"HAND ROBOT WILL BE ADDED HANDY REHABGENEL \u00d6ZELL\u0130KLERGENEL \u00d6ZELL\u0130KLERHandyRehab Hand Function Rehabilitation Robotics HandyRehab is an intelligent hand rehabilitation robotic glove that targets the user&#8217;s fine motor skills by providing various functional finger movement training. It is portable, lightweight and also provides human-computer interaction by integrating electromyographic biofeedback technology. Wireless, Lightweight and Portable HandyRehab can...","protected":false},"author":1,"featured_media":11949,"parent":0,"menu_order":0,"comment_status":"closed","ping_status":"closed","template":"","meta":{"footnotes":""},"aioseo_notices":[],"_links":{"self":[{"href":"https:\/\/www.fizyomed.com.tr\/en\/wp-json\/wp\/v2\/pages\/11957"}],"collection":[{"href":"https:\/\/www.fizyomed.com.tr\/en\/wp-json\/wp\/v2\/pages"}],"about":[{"href":"https:\/\/www.fizyomed.com.tr\/en\/wp-json\/wp\/v2\/types\/page"}],"author":[{"embeddable":true,"href":"https:\/\/www.fizyomed.com.tr\/en\/wp-json\/wp\/v2\/users\/1"}],"replies":[{"embeddable":true,"href":"https:\/\/www.fizyomed.com.tr\/en\/wp-json\/wp\/v2\/comments?post=11957"}],"version-history":[{"count":2,"href":"https:\/\/www.fizyomed.com.tr\/en\/wp-json\/wp\/v2\/pages\/11957\/revisions"}],"predecessor-version":[{"id":11959,"href":"https:\/\/www.fizyomed.com.tr\/en\/wp-json\/wp\/v2\/pages\/11957\/revisions\/11959"}],"wp:featuredmedia":[{"embeddable":true,"href":"https:\/\/www.fizyomed.com.tr\/en\/wp-json\/wp\/v2\/media\/11949"}],"wp:attachment":[{"href":"https:\/\/www.fizyomed.com.tr\/en\/wp-json\/wp\/v2\/media?parent=11957"}],"curies":[{"name":"wp","href":"https:\/\/api.w.org\/{rel}","templated":true}]}}