{"id":9542,"date":"2020-09-17T16:53:42","date_gmt":"2020-09-17T13:53:42","guid":{"rendered":"https:\/\/www.fizyomed.com.tr\/kalite-belgelerimiz\/"},"modified":"2021-05-05T16:40:30","modified_gmt":"2021-05-05T13:40:30","slug":"quality-certificates","status":"publish","type":"page","link":"https:\/\/www.fizyomed.com.tr\/en\/quality-certificates\/","title":{"rendered":"Quality Certificates"},"content":{"rendered":"<section class=\"l-section wpb_row height_custom color_primary with_img\"><div class=\"l-section-img\" data-img-width=\"1400\" data-img-height=\"700\" style=\"background-image: url(https:\/\/www.fizyomed.com.tr\/wp-content\/uploads\/2020\/09\/back-07.jpg);\"><\/div><div class=\"l-section-overlay\" style=\"background:rgba(255,255,255,0.50)\"><\/div><div class=\"l-section-h i-cf\"><div class=\"g-cols vc_row via_flex valign_top type_default stacking_default\"><div class=\"vc_col-sm-12 wpb_column vc_column_container\"><div class=\"vc_column-inner\"><div class=\"wpb_wrapper\"><h2 class=\"w-post-elm post_title us_custom_5fb5abd6 has_text_color align_center entry-title color_link_inherit\">Quality Certificates<\/h2><div class=\"w-separator size_small\"><\/div><div class=\"w-iconbox iconpos_top style_default color_custom align_center no_title no_text\"><a href=\"#intro\" class=\"w-iconbox-link\" aria-label=\"fal|chevron-down\"><div class=\"w-iconbox-icon\" style=\"font-size:3rem;--icon-color:var(--color-header-top-bg);\"><i class=\"fal fa-chevron-down\"><\/i><\/div><\/a><div class=\"w-iconbox-meta\"><\/div><\/div><div class=\"w-separator size_medium\"><\/div><\/div><\/div><\/div><\/div><\/div><\/section><section class=\"l-section wpb_row height_custom\" id=\"intro\"><div class=\"l-section-h i-cf\"><div class=\"g-cols vc_row via_flex valign_top type_default stacking_default\"><div class=\"vc_col-sm-1\/5 wpb_column vc_column_container\"><div class=\"vc_column-inner\"><div class=\"wpb_wrapper\"><\/div><\/div><\/div><div class=\"vc_col-sm-1\/5 wpb_column vc_column_container\"><div class=\"vc_column-inner\"><div class=\"wpb_wrapper\"><div class=\"w-image align_center\"><div class=\"w-image-h\"><picture><source srcset=\"https:\/\/www.fizyomed.com.tr\/wp-content\/webp-express\/webp-images\/uploads\/2020\/09\/tsehyb.jpg.webp 800w, https:\/\/www.fizyomed.com.tr\/wp-content\/webp-express\/webp-images\/uploads\/2020\/09\/tsehyb-300x256.jpg.webp 300w\" sizes=\"(max-width: 800px) 100vw, 800px\" type=\"image\/webp\"><img width=\"800\" height=\"682\" src=\"https:\/\/www.fizyomed.com.tr\/wp-content\/uploads\/2020\/09\/tsehyb.jpg\" class=\"attachment-full size-full webpexpress-processed\" alt=\"\" decoding=\"async\" loading=\"lazy\" srcset=\"https:\/\/www.fizyomed.com.tr\/wp-content\/uploads\/2020\/09\/tsehyb.jpg 800w, https:\/\/www.fizyomed.com.tr\/wp-content\/uploads\/2020\/09\/tsehyb-300x256.jpg 300w\" sizes=\"(max-width: 800px) 100vw, 800px\"><\/picture><\/div><\/div><div class=\"wpb_text_column\"><div class=\"wpb_wrapper\"><p style=\"text-align: center;\"><strong>TSE Service Competence Certificate <\/strong><\/p>\n<\/div><\/div><\/div><\/div><\/div><div class=\"vc_col-sm-1\/5 wpb_column vc_column_container\"><div class=\"vc_column-inner\"><div class=\"wpb_wrapper\"><div class=\"w-image align_center\"><div class=\"w-image-h\"><picture><source srcset=\"https:\/\/www.fizyomed.com.tr\/wp-content\/webp-express\/webp-images\/uploads\/2020\/09\/kiva.jpg.webp 800w, https:\/\/www.fizyomed.com.tr\/wp-content\/webp-express\/webp-images\/uploads\/2020\/09\/kiva-300x256.jpg.webp 300w\" sizes=\"(max-width: 800px) 100vw, 800px\" type=\"image\/webp\"><img width=\"800\" height=\"682\" src=\"https:\/\/www.fizyomed.com.tr\/wp-content\/uploads\/2020\/09\/kiva.jpg\" class=\"attachment-full size-full webpexpress-processed\" alt=\"\" decoding=\"async\" loading=\"lazy\" srcset=\"https:\/\/www.fizyomed.com.tr\/wp-content\/uploads\/2020\/09\/kiva.jpg 800w, https:\/\/www.fizyomed.com.tr\/wp-content\/uploads\/2020\/09\/kiva-300x256.jpg 300w\" sizes=\"(max-width: 800px) 100vw, 800px\"><\/picture><\/div><\/div><div class=\"wpb_text_column\"><div class=\"wpb_wrapper\"><p style=\"text-align: center;\"><strong>K\u0130WA-CE 1984<\/strong><\/p>\n<\/div><\/div><\/div><\/div><\/div><div class=\"vc_col-sm-1\/5 wpb_column vc_column_container\"><div class=\"vc_column-inner\"><div class=\"wpb_wrapper\"><div class=\"w-image align_center\"><div class=\"w-image-h\"><picture><source srcset=\"https:\/\/www.fizyomed.com.tr\/wp-content\/webp-express\/webp-images\/uploads\/2020\/09\/kiva.jpg.webp 800w, https:\/\/www.fizyomed.com.tr\/wp-content\/webp-express\/webp-images\/uploads\/2020\/09\/kiva-300x256.jpg.webp 300w\" sizes=\"(max-width: 800px) 100vw, 800px\" type=\"image\/webp\"><img width=\"800\" height=\"682\" src=\"https:\/\/www.fizyomed.com.tr\/wp-content\/uploads\/2020\/09\/kiva.jpg\" class=\"attachment-full size-full webpexpress-processed\" alt=\"\" decoding=\"async\" loading=\"lazy\" srcset=\"https:\/\/www.fizyomed.com.tr\/wp-content\/uploads\/2020\/09\/kiva.jpg 800w, https:\/\/www.fizyomed.com.tr\/wp-content\/uploads\/2020\/09\/kiva-300x256.jpg 300w\" sizes=\"(max-width: 800px) 100vw, 800px\"><\/picture><\/div><\/div><div class=\"wpb_text_column\"><div class=\"wpb_wrapper\"><p style=\"text-align: center;\"><strong>K\u0130WA-\u0130SO-13485:2012<\/strong><\/p>\n<\/div><\/div><\/div><\/div><\/div><div class=\"vc_col-sm-1\/5 wpb_column vc_column_container\"><div class=\"vc_column-inner\"><div class=\"wpb_wrapper\"><\/div><\/div><\/div><\/div><\/div><\/section>\n","protected":false},"excerpt":{"rendered":"Quality CertificatesTSE Service Competence Certificate K\u0130WA-CE 1984 K\u0130WA-\u0130SO-13485:2012","protected":false},"author":1,"featured_media":0,"parent":0,"menu_order":0,"comment_status":"closed","ping_status":"closed","template":"","meta":{"footnotes":""},"aioseo_notices":[],"_links":{"self":[{"href":"https:\/\/www.fizyomed.com.tr\/en\/wp-json\/wp\/v2\/pages\/9542"}],"collection":[{"href":"https:\/\/www.fizyomed.com.tr\/en\/wp-json\/wp\/v2\/pages"}],"about":[{"href":"https:\/\/www.fizyomed.com.tr\/en\/wp-json\/wp\/v2\/types\/page"}],"author":[{"embeddable":true,"href":"https:\/\/www.fizyomed.com.tr\/en\/wp-json\/wp\/v2\/users\/1"}],"replies":[{"embeddable":true,"href":"https:\/\/www.fizyomed.com.tr\/en\/wp-json\/wp\/v2\/comments?post=9542"}],"version-history":[{"count":0,"href":"https:\/\/www.fizyomed.com.tr\/en\/wp-json\/wp\/v2\/pages\/9542\/revisions"}],"wp:attachment":[{"href":"https:\/\/www.fizyomed.com.tr\/en\/wp-json\/wp\/v2\/media?parent=9542"}],"curies":[{"name":"wp","href":"https:\/\/api.w.org\/{rel}","templated":true}]}}