{"id":9550,"date":"2020-09-17T16:02:42","date_gmt":"2020-09-17T13:02:42","guid":{"rendered":"https:\/\/www.fizyomed.com.tr\/hakkimizda\/"},"modified":"2023-03-06T18:17:21","modified_gmt":"2023-03-06T15:17:21","slug":"about-us","status":"publish","type":"page","link":"https:\/\/www.fizyomed.com.tr\/en\/about-us\/","title":{"rendered":"About Us"},"content":{"rendered":"<section class=\"l-section wpb_row height_custom color_primary with_img\"><div class=\"l-section-img\" data-img-width=\"1400\" data-img-height=\"700\" style=\"background-image: url(https:\/\/www.fizyomed.com.tr\/wp-content\/uploads\/2020\/09\/back-07.jpg);\"><\/div><div class=\"l-section-overlay\" style=\"background:rgba(255,255,255,0.50)\"><\/div><div class=\"l-section-h i-cf\"><div class=\"g-cols vc_row via_flex valign_top type_default stacking_default\"><div class=\"vc_col-sm-12 wpb_column vc_column_container\"><div class=\"vc_column-inner\"><div class=\"wpb_wrapper\"><h2 class=\"w-post-elm post_title us_custom_5fb5abd6 has_text_color align_center entry-title color_link_inherit\">About Us<\/h2><div class=\"w-separator size_small\"><\/div><div class=\"w-iconbox iconpos_top style_default color_custom align_center no_title no_text\"><a href=\"#intro\" class=\"w-iconbox-link\" aria-label=\"fal|chevron-down\"><div class=\"w-iconbox-icon\" style=\"font-size:3rem;--icon-color:var(--color-header-top-bg);\"><i class=\"fal fa-chevron-down\"><\/i><\/div><\/a><div class=\"w-iconbox-meta\"><\/div><\/div><div class=\"w-separator size_medium\"><\/div><\/div><\/div><\/div><\/div><\/div><\/section><section class=\"l-section wpb_row height_custom\" id=\"intro\"><div class=\"l-section-h i-cf\"><div class=\"g-cols vc_row via_flex valign_top type_default stacking_default\"><div class=\"vc_col-sm-12 wpb_column vc_column_container\"><div class=\"vc_column-inner\"><div class=\"wpb_wrapper\"><div class=\"wpb_text_column\"><div class=\"wpb_wrapper\"><p style=\"text-align: center;\"><em><strong>Reliable, leading and innovative\u2026.<\/strong><\/em><\/p>\n<p style=\"text-align: justify;\"><strong>F\u0130ZYOMED TIBB\u0130 C\u0130HAZLAR LTD. \u015eT\u0130.<\/strong> is the leading firm in its sector with its 25-year experience and expert staff in the area of Physiotherapy and Rehabilitation Equipment.<\/p>\n<p style=\"text-align: justify;\">The headquarters of our Firm, which has an active Sales and Marketing experience in the health sector since 1987 until today, was established in Ankara in 2002. The central sales office that was established in Ankara was supported by our firm with the factory, which also has its center in Ankara, Marmara Region Sales Office in 2006 and Southeastern Anatolia Regional Sales Office in 2013, and today, our Firm has its place amongst the outstanding firms that are capable of performing production in its own structure in the area of Physiotherapy and Rehabilitation Equipment and that have an agency network in every region of Turkey thanks to its experienced management staff, R&amp;D experts, Sales-Marketing and After-sales Technical Service staff. Continuing its activities with a high-standard and qualified service understanding, our Firm has a management and service understanding that does not compromise on international quality standards basing on its customer satisfaction principle, in-time and reliable service understanding and its technological investments that continuously renew themselves.<\/p>\n<p style=\"text-align: justify;\"><strong>As F\u0130ZYOMED TIBB\u0130 C\u0130HAZLAR LTD. \u015eT\u0130.<\/strong>\u00a0family, we will continue working together with all members of our family (our agencies) in order to reach our targets in the domestic and foreign markets, as we did until today, and to always do and reach better and reach better.<\/p>\n<\/div><\/div><div class=\"w-separator size_large\"><\/div><div class=\"w-video align_none ratio_16x9 has_iframe\"><div class=\"w-video-h\"><iframe title=\"Youtube video player\" src=\"\/\/www.youtube.com\/embed\/uIlnkg4ojxY?origin=https:\/\/www.fizyomed.com.tr\/en\/&controls=1\" allowfullscreen=\"1\" loading=\"lazy\"><\/iframe><\/div><div class=\"w-video-icon\" style=\"font-size:1.5rem;background:rgba(0,0,0,0.5);color:#fff\"><\/div><\/div><\/div><\/div><\/div><\/div><\/div><\/section>\n","protected":false},"excerpt":{"rendered":"About UsReliable, leading and innovative\u2026. F\u0130ZYOMED TIBB\u0130 C\u0130HAZLAR LTD. \u015eT\u0130. is the leading firm in its sector with its 25-year experience and expert staff in the area of Physiotherapy and Rehabilitation Equipment. The headquarters of our Firm, which has an active Sales and Marketing experience in the health sector since 1987 until today, was established...","protected":false},"author":1,"featured_media":0,"parent":0,"menu_order":0,"comment_status":"closed","ping_status":"closed","template":"","meta":{"footnotes":""},"aioseo_notices":[],"_links":{"self":[{"href":"https:\/\/www.fizyomed.com.tr\/en\/wp-json\/wp\/v2\/pages\/9550"}],"collection":[{"href":"https:\/\/www.fizyomed.com.tr\/en\/wp-json\/wp\/v2\/pages"}],"about":[{"href":"https:\/\/www.fizyomed.com.tr\/en\/wp-json\/wp\/v2\/types\/page"}],"author":[{"embeddable":true,"href":"https:\/\/www.fizyomed.com.tr\/en\/wp-json\/wp\/v2\/users\/1"}],"replies":[{"embeddable":true,"href":"https:\/\/www.fizyomed.com.tr\/en\/wp-json\/wp\/v2\/comments?post=9550"}],"version-history":[{"count":1,"href":"https:\/\/www.fizyomed.com.tr\/en\/wp-json\/wp\/v2\/pages\/9550\/revisions"}],"predecessor-version":[{"id":11406,"href":"https:\/\/www.fizyomed.com.tr\/en\/wp-json\/wp\/v2\/pages\/9550\/revisions\/11406"}],"wp:attachment":[{"href":"https:\/\/www.fizyomed.com.tr\/en\/wp-json\/wp\/v2\/media?parent=9550"}],"curies":[{"name":"wp","href":"https:\/\/api.w.org\/{rel}","templated":true}]}}