{"id":9566,"date":"2020-09-25T16:35:03","date_gmt":"2020-09-25T13:35:03","guid":{"rendered":"https:\/\/www.fizyomed.com.tr\/fizyoflug-2000\/"},"modified":"2022-04-15T10:05:55","modified_gmt":"2022-04-15T07:05:55","slug":"fizyoflug-2000","status":"publish","type":"page","link":"https:\/\/www.fizyomed.com.tr\/en\/locally-manufactured-products-of-fizyomed-trademark\/fizyoflug-2000\/","title":{"rendered":"F\u0130ZYOFLUG 2000"},"content":{"rendered":"<section class=\"l-section wpb_row height_custom\"><div class=\"l-section-h i-cf\"><div class=\"g-cols vc_row via_flex valign_top type_default stacking_default\"><div class=\"vc_col-sm-12 wpb_column vc_column_container\"><div class=\"vc_column-inner\"><div class=\"wpb_wrapper\"><div class=\"wpb_text_column us_custom_6745946f has_text_color\"><div class=\"wpb_wrapper\"><h3 style=\"text-align: center;\"><strong>THERMOTHERAPY DEVICE<\/strong><\/h3>\n<\/div><\/div><h4 class=\"w-post-elm post_title align_center entry-title color_link_inherit\">F\u0130ZYOFLUG 2000<\/h4><div class=\"w-separator size_medium\"><\/div><div class=\"g-cols wpb_row via_flex valign_top type_default stacking_default\"><div class=\"vc_col-sm-8 wpb_column vc_column_container\"><div class=\"vc_column-inner\"><div class=\"wpb_wrapper\"><div class=\"w-image us_custom_8f2ba1f4 us_animate_this align_center\"><a href=\"https:\/\/www.fizyomed.com.tr\/wp-content\/uploads\/2022\/04\/fizyoflug.png\" ref=\"magnificPopup\" aria-label=\"Link\" class=\"w-image-h\"><picture><source srcset=\"https:\/\/www.fizyomed.com.tr\/wp-content\/webp-express\/webp-images\/uploads\/2022\/04\/fizyoflug.png.webp 1000w, https:\/\/www.fizyomed.com.tr\/wp-content\/webp-express\/webp-images\/uploads\/2022\/04\/fizyoflug-300x226.png.webp 300w\" sizes=\"(max-width: 1000px) 100vw, 1000px\" type=\"image\/webp\"><img width=\"1000\" height=\"753\" src=\"https:\/\/www.fizyomed.com.tr\/wp-content\/uploads\/2022\/04\/fizyoflug.png\" class=\"attachment-full size-full webpexpress-processed\" alt=\"\" decoding=\"async\" loading=\"lazy\" srcset=\"https:\/\/www.fizyomed.com.tr\/wp-content\/uploads\/2022\/04\/fizyoflug.png 1000w, https:\/\/www.fizyomed.com.tr\/wp-content\/uploads\/2022\/04\/fizyoflug-300x226.png 300w\" sizes=\"(max-width: 1000px) 100vw, 1000px\"><\/picture><\/a><\/div><\/div><\/div><\/div><div class=\"vc_col-sm-2 wpb_column vc_column_container\"><div class=\"vc_column-inner\"><div class=\"wpb_wrapper\"><div class=\"w-image align_none\"><div class=\"w-image-h\"><picture><source srcset=\"https:\/\/www.fizyomed.com.tr\/wp-content\/webp-express\/webp-images\/uploads\/2022\/04\/fizyomed.png.webp 1000w, https:\/\/www.fizyomed.com.tr\/wp-content\/webp-express\/webp-images\/uploads\/2022\/04\/fizyomed-300x226.png.webp 300w\" sizes=\"(max-width: 1000px) 100vw, 1000px\" type=\"image\/webp\"><img width=\"1000\" height=\"753\" src=\"https:\/\/www.fizyomed.com.tr\/wp-content\/uploads\/2022\/04\/fizyomed.png\" class=\"attachment-full size-full webpexpress-processed\" alt=\"\" decoding=\"async\" loading=\"lazy\" srcset=\"https:\/\/www.fizyomed.com.tr\/wp-content\/uploads\/2022\/04\/fizyomed.png 1000w, https:\/\/www.fizyomed.com.tr\/wp-content\/uploads\/2022\/04\/fizyomed-300x226.png 300w\" sizes=\"(max-width: 1000px) 100vw, 1000px\"><\/picture><\/div><\/div><\/div><\/div><\/div><\/div><div class=\"w-separator size_medium\"><\/div><div class=\"w-tabs layout_hor style_modern switch_click has_scrolling\" style=\"--sections-title-size:18px\"><div class=\"w-tabs-list items_2 align_justify\" style=\"font-weight:700;line-height:22px;\"><div class=\"w-tabs-list-h\"><button class=\"w-tabs-item active defined-active\" aria-controls=\"content-ge48\" aria-expanded=\"true\"><span class=\"w-tabs-item-title\">GENERAL SPECIFICATIONS<\/span><\/button><button class=\"w-tabs-item\" aria-controls=\"content-k17c\" aria-expanded=\"false\"><span class=\"w-tabs-item-title\">TECHNICAL SPECIFICATIONS<\/span><\/button><\/div><\/div><div class=\"w-tabs-sections titles-align_none icon_chevron cpos_right\"><div class=\"w-tabs-section active\" id=\"1600363853090-763c7d4e-ff9d3e74-e872\"><button class=\"w-tabs-section-header active\" aria-controls=\"content-1600363853090-763c7d4e-ff9d3e74-e872\" aria-expanded=\"true\"><div class=\"w-tabs-section-title\">GENERAL SPECIFICATIONS<\/div><div class=\"w-tabs-section-control\"><\/div><\/button><div  class=\"w-tabs-section-content\" id=\"content-1600363853090-763c7d4e-ff9d3e74-e872\"><div class=\"w-tabs-section-content-h i-cf\"><div class=\"wpb_text_column\"><div class=\"wpb_wrapper\"><p><span class=\"Y2IQFc\" lang=\"tr\">\u00c7ok ama\u00e7l\u0131 y\u00fczey \u0131s\u0131 alan\u0131 olu\u015fturan bu cihaz, kat\u0131 maddeler ve gazlar\u0131n kar\u0131\u015f\u0131m\u0131 ile s\u0131v\u0131 \u00f6zelli\u011fi g\u00f6steren kuru bir Whirlpool ortam\u0131 sa\u011flar.<\/span><\/p>\n<p>Fizyoflug, su i\u00e7ermeyen kuru bir ortamda, cildi tahri\u015f etmeden ve termal \u015fok tehlikesi yaratmadan tedavi sa\u011flar. Fizyoflug terapi cihaz\u0131 kan ak\u0131\u015f\u0131n\u0131, \u0131s\u0131s\u0131n\u0131, metabolizma h\u0131z\u0131n\u0131, h\u00fccre b\u00f6l\u00fcnmesini, doku elastikiyetini, kas-iskelet hareketlili\u011fini \u00f6nemli \u00f6l\u00e7\u00fcde art\u0131r\u0131r; metabolitlerin de\u015farj\u0131 h\u0131zlan\u0131r, a\u011fr\u0131 hassasiyeti ve \u00f6dem azal\u0131r. Bu sayede iyile\u015fme oran\u0131 art\u0131r\u0131l\u0131r.<\/p>\n<p>Cihaz 2 farkl\u0131 tipte \u00fcretilmekte olup iste\u011fe ba\u011fl\u0131 olarak istenilen b\u00f6l\u00fcmlere el veya ayak sokmak i\u00e7in birden fazla delik a\u00e7\u0131labilmektedir.<\/p>\n<p>&nbsp;<\/p>\n<ul>\n<li>Analog G\u00f6sterge<\/li>\n<li>Dijital G\u00f6sterge<\/li>\n<\/ul>\n<\/div><\/div><\/div><\/div><\/div><div class=\"w-tabs-section\" id=\"1600363853101-f8a04836-59f13e74-e872\"><button class=\"w-tabs-section-header\" aria-controls=\"content-1600363853101-f8a04836-59f13e74-e872\" aria-expanded=\"false\"><div class=\"w-tabs-section-title\">TECHNICAL SPECIFICATIONS<\/div><div class=\"w-tabs-section-control\"><\/div><\/button><div  class=\"w-tabs-section-content\" id=\"content-1600363853101-f8a04836-59f13e74-e872\"><div class=\"w-tabs-section-content-h i-cf\"><div class=\"wpb_text_column\"><div class=\"wpb_wrapper\"><table width=\"568\">\n<tbody>\n<tr>\n<td width=\"209\">Power Input<\/td>\n<td width=\"359\">220 \u2013 240V 50\/60Hz.<\/td>\n<\/tr>\n<tr>\n<td width=\"209\">Power consumption<\/td>\n<td width=\"359\">2600 W<\/td>\n<\/tr>\n<tr>\n<td width=\"209\">Length (max.)<\/td>\n<td width=\"359\">87 cm<\/td>\n<\/tr>\n<tr>\n<td width=\"209\">Width (max.)<\/td>\n<td width=\"359\">41 cm<\/td>\n<\/tr>\n<tr>\n<td width=\"209\">Height<\/td>\n<td width=\"359\">80 cm<\/td>\n<\/tr>\n<tr>\n<td width=\"209\">Fuse<\/td>\n<td width=\"359\">16 Amp.<\/td>\n<\/tr>\n<tr>\n<td width=\"209\">Approximate weight<\/td>\n<td width=\"359\">35 kg<\/td>\n<\/tr>\n<tr>\n<td width=\"209\">Class Declaration<\/td>\n<td width=\"359\">Class IIb<\/td>\n<\/tr>\n<tr>\n<td rowspan=\"3\" width=\"209\">Certificates<\/td>\n<td width=\"359\">EN ISO 9001 : 2008<\/td>\n<\/tr>\n<tr>\n<td width=\"359\">EN ISO 13485 : 2012<\/td>\n<\/tr>\n<tr>\n<td width=\"359\">CE 1014<\/td>\n<\/tr>\n<\/tbody>\n<\/table>\n<\/div><\/div><\/div><\/div><\/div><\/div><\/div><\/div><\/div><\/div><\/div><\/div><\/section>\n","protected":false},"excerpt":{"rendered":"THERMOTHERAPY DEVICE F\u0130ZYOFLUG 2000GENERAL SPECIFICATIONSTECHNICAL SPECIFICATIONSGENERAL SPECIFICATIONS\u00c7ok ama\u00e7l\u0131 y\u00fczey \u0131s\u0131 alan\u0131 olu\u015fturan bu cihaz, kat\u0131 maddeler ve gazlar\u0131n kar\u0131\u015f\u0131m\u0131 ile s\u0131v\u0131 \u00f6zelli\u011fi g\u00f6steren kuru bir Whirlpool ortam\u0131 sa\u011flar. Fizyoflug, su i\u00e7ermeyen kuru bir ortamda, cildi tahri\u015f etmeden ve termal \u015fok tehlikesi yaratmadan tedavi sa\u011flar. Fizyoflug terapi cihaz\u0131 kan ak\u0131\u015f\u0131n\u0131, \u0131s\u0131s\u0131n\u0131, metabolizma h\u0131z\u0131n\u0131, h\u00fccre b\u00f6l\u00fcnmesini, doku...","protected":false},"author":1,"featured_media":9095,"parent":9588,"menu_order":0,"comment_status":"closed","ping_status":"closed","template":"","meta":{"footnotes":""},"aioseo_notices":[],"_links":{"self":[{"href":"https:\/\/www.fizyomed.com.tr\/en\/wp-json\/wp\/v2\/pages\/9566"}],"collection":[{"href":"https:\/\/www.fizyomed.com.tr\/en\/wp-json\/wp\/v2\/pages"}],"about":[{"href":"https:\/\/www.fizyomed.com.tr\/en\/wp-json\/wp\/v2\/types\/page"}],"author":[{"embeddable":true,"href":"https:\/\/www.fizyomed.com.tr\/en\/wp-json\/wp\/v2\/users\/1"}],"replies":[{"embeddable":true,"href":"https:\/\/www.fizyomed.com.tr\/en\/wp-json\/wp\/v2\/comments?post=9566"}],"version-history":[{"count":0,"href":"https:\/\/www.fizyomed.com.tr\/en\/wp-json\/wp\/v2\/pages\/9566\/revisions"}],"up":[{"embeddable":true,"href":"https:\/\/www.fizyomed.com.tr\/en\/wp-json\/wp\/v2\/pages\/9588"}],"wp:featuredmedia":[{"embeddable":true,"href":"https:\/\/www.fizyomed.com.tr\/en\/wp-json\/wp\/v2\/media\/9095"}],"wp:attachment":[{"href":"https:\/\/www.fizyomed.com.tr\/en\/wp-json\/wp\/v2\/media?parent=9566"}],"curies":[{"name":"wp","href":"https:\/\/api.w.org\/{rel}","templated":true}]}}